{"id":12,"date":"2021-05-20T09:40:48","date_gmt":"2021-05-20T09:40:48","guid":{"rendered":"http:\/\/template\/?page_id=12"},"modified":"2023-08-03T07:41:09","modified_gmt":"2023-08-03T07:41:09","slug":"galvena","status":"publish","type":"page","link":"https:\/\/aktivators-sals.lv\/en\/","title":{"rendered":"Home"},"content":{"rendered":"<p><\/p>\n<h2>AKTIVATORS has been dealing with the supply of technical salt to road maintainers and municipalities since 1991, when it was the only company in Latvia that provided such a service.<\/h2>\n<div class=\"line\"><\/div>\n<div class=\"about_content\">\n<div class=\"about_title__wrapp\">\n<h3>Services<\/h3>\n<\/div>\n<div class=\"about_descr\">\n<div><\/div>\n<\/div>\n<\/div>\n<p><\/p>","protected":false},"excerpt":{"rendered":"<p>AKTIVATORS has been dealing with the supply of technical salt to road maintainers and municipalities since 1991, when it was the only company in Latvia that provided such a service. Services<\/p>\n","protected":false},"author":1,"featured_media":0,"parent":0,"menu_order":1,"comment_status":"closed","ping_status":"closed","template":"index.php","meta":[],"yoast_head":"<!-- This site is optimized with the Yoast SEO plugin v20.8 - https:\/\/yoast.com\/wordpress\/plugins\/seo\/ -->\n<title>Home - (LV) Aktivators.lv<\/title>\n<meta name=\"description\" content=\"SIA \u201eAKTIVATORS\u201d dibin\u0101ts 1991.gada un savu darb\u012bbu uzs\u0101ka, k\u0101 vien\u012bgais p\u0101rst\u0101vis, kas nodarboj\u0101s ar tehnisk\u0101s s\u0101ls pieg\u0101d\u0113m vis\u0101 Latvijas teritorij\u0101 un Baltijas valst\u012bs\" \/>\n<meta name=\"robots\" content=\"index, follow, max-snippet:-1, max-image-preview:large, max-video-preview:-1\" \/>\n<link rel=\"canonical\" href=\"https:\/\/aktivators-sals.lv\/\" \/>\n<meta property=\"og:locale\" content=\"en_US\" \/>\n<meta property=\"og:type\" content=\"article\" \/>\n<meta property=\"og:title\" content=\"[:lv]S\u0101kuma[:ru]\u0413\u043b\u0430\u0432\u043d\u0430\u044f[:en]Home[:de]Zuhause[:] - (LV) Aktivators.lv\" \/>\n<meta property=\"og:description\" content=\"SIA \u201eAKTIVATORS\u201d dibin\u0101ts 1991.gada un savu darb\u012bbu uzs\u0101ka, k\u0101 vien\u012bgais p\u0101rst\u0101vis, kas nodarboj\u0101s ar tehnisk\u0101s s\u0101ls pieg\u0101d\u0113m vis\u0101 Latvijas teritorij\u0101 un Baltijas valst\u012bs\" \/>\n<meta property=\"og:url\" content=\"https:\/\/aktivators-sals.lv\/\" \/>\n<meta property=\"og:site_name\" content=\"(LV) Aktivators.lv\" \/>\n<meta property=\"article:modified_time\" content=\"2023-08-03T07:41:09+00:00\" \/>\n<meta name=\"twitter:card\" content=\"summary_large_image\" \/>\n<meta name=\"twitter:label1\" content=\"Est. reading time\" \/>\n\t<meta name=\"twitter:data1\" content=\"1 minute\" \/>\n<script type=\"application\/ld+json\" class=\"yoast-schema-graph\">{\"@context\":\"https:\/\/schema.org\",\"@graph\":[{\"@type\":\"WebPage\",\"@id\":\"https:\/\/aktivators-sals.lv\/\",\"url\":\"https:\/\/aktivators-sals.lv\/\",\"name\":\"[:lv]S\u0101kuma[:ru]\u0413\u043b\u0430\u0432\u043d\u0430\u044f[:en]Home[:de]Zuhause[:] - (LV) Aktivators.lv\",\"isPartOf\":{\"@id\":\"https:\/\/aktivators-sals.lv\/#website\"},\"datePublished\":\"2021-05-20T09:40:48+00:00\",\"dateModified\":\"2023-08-03T07:41:09+00:00\",\"description\":\"SIA \u201eAKTIVATORS\u201d dibin\u0101ts 1991.gada un savu darb\u012bbu uzs\u0101ka, k\u0101 vien\u012bgais p\u0101rst\u0101vis, kas nodarboj\u0101s ar tehnisk\u0101s s\u0101ls pieg\u0101d\u0113m vis\u0101 Latvijas teritorij\u0101 un Baltijas valst\u012bs\",\"breadcrumb\":{\"@id\":\"https:\/\/aktivators-sals.lv\/#breadcrumb\"},\"inLanguage\":\"en-US\",\"potentialAction\":[{\"@type\":\"ReadAction\",\"target\":[\"https:\/\/aktivators-sals.lv\/\"]}]},{\"@type\":\"BreadcrumbList\",\"@id\":\"https:\/\/aktivators-sals.lv\/#breadcrumb\",\"itemListElement\":[{\"@type\":\"ListItem\",\"position\":1,\"name\":\"Home\",\"item\":\"https:\/\/aktivators-sals.lv\/\"},{\"@type\":\"ListItem\",\"position\":2,\"name\":\"S\u0101kuma\"}]},{\"@type\":\"WebSite\",\"@id\":\"https:\/\/aktivators-sals.lv\/#website\",\"url\":\"https:\/\/aktivators-sals.lv\/\",\"name\":\"(LV) Aktivators.lv\",\"description\":\"Tehniskais s\u0101ls\",\"publisher\":{\"@id\":\"https:\/\/aktivators-sals.lv\/#organization\"},\"potentialAction\":[{\"@type\":\"SearchAction\",\"target\":{\"@type\":\"EntryPoint\",\"urlTemplate\":\"https:\/\/aktivators-sals.lv\/?s={search_term_string}\"},\"query-input\":\"required name=search_term_string\"}],\"inLanguage\":\"en-US\"},{\"@type\":\"Organization\",\"@id\":\"https:\/\/aktivators-sals.lv\/#organization\",\"name\":\"(LV) Aktivators.lv\",\"url\":\"https:\/\/aktivators-sals.lv\/\",\"logo\":{\"@type\":\"ImageObject\",\"inLanguage\":\"en-US\",\"@id\":\"https:\/\/aktivators-sals.lv\/#\/schema\/logo\/image\/\",\"url\":\"https:\/\/aktivators-sals.lv\/wp-content\/uploads\/2022\/04\/logo.png\",\"contentUrl\":\"https:\/\/aktivators-sals.lv\/wp-content\/uploads\/2022\/04\/logo.png\",\"width\":193,\"height\":57,\"caption\":\"(LV) Aktivators.lv\"},\"image\":{\"@id\":\"https:\/\/aktivators-sals.lv\/#\/schema\/logo\/image\/\"}}]}<\/script>\n<!-- \/ Yoast SEO plugin. -->","yoast_head_json":{"title":"[:lv]S\u0101kuma[:ru]\u0413\u043b\u0430\u0432\u043d\u0430\u044f[:en]Home[:de]Zuhause[:] - (LV) Aktivators.lv","description":"SIA \u201eAKTIVATORS\u201d dibin\u0101ts 1991.gada un savu darb\u012bbu uzs\u0101ka, k\u0101 vien\u012bgais p\u0101rst\u0101vis, kas nodarboj\u0101s ar tehnisk\u0101s s\u0101ls pieg\u0101d\u0113m vis\u0101 Latvijas teritorij\u0101 un Baltijas valst\u012bs","robots":{"index":"index","follow":"follow","max-snippet":"max-snippet:-1","max-image-preview":"max-image-preview:large","max-video-preview":"max-video-preview:-1"},"canonical":"https:\/\/aktivators-sals.lv\/","og_locale":"en_US","og_type":"article","og_title":"[:lv]S\u0101kuma[:ru]\u0413\u043b\u0430\u0432\u043d\u0430\u044f[:en]Home[:de]Zuhause[:] - (LV) Aktivators.lv","og_description":"SIA \u201eAKTIVATORS\u201d dibin\u0101ts 1991.gada un savu darb\u012bbu uzs\u0101ka, k\u0101 vien\u012bgais p\u0101rst\u0101vis, kas nodarboj\u0101s ar tehnisk\u0101s s\u0101ls pieg\u0101d\u0113m vis\u0101 Latvijas teritorij\u0101 un Baltijas valst\u012bs","og_url":"https:\/\/aktivators-sals.lv\/","og_site_name":"(LV) Aktivators.lv","article_modified_time":"2023-08-03T07:41:09+00:00","twitter_card":"summary_large_image","twitter_misc":{"Est. reading time":"1 minute"},"schema":{"@context":"https:\/\/schema.org","@graph":[{"@type":"WebPage","@id":"https:\/\/aktivators-sals.lv\/","url":"https:\/\/aktivators-sals.lv\/","name":"[:lv]S\u0101kuma[:ru]\u0413\u043b\u0430\u0432\u043d\u0430\u044f[:en]Home[:de]Zuhause[:] - (LV) Aktivators.lv","isPartOf":{"@id":"https:\/\/aktivators-sals.lv\/#website"},"datePublished":"2021-05-20T09:40:48+00:00","dateModified":"2023-08-03T07:41:09+00:00","description":"SIA \u201eAKTIVATORS\u201d dibin\u0101ts 1991.gada un savu darb\u012bbu uzs\u0101ka, k\u0101 vien\u012bgais p\u0101rst\u0101vis, kas nodarboj\u0101s ar tehnisk\u0101s s\u0101ls pieg\u0101d\u0113m vis\u0101 Latvijas teritorij\u0101 un Baltijas valst\u012bs","breadcrumb":{"@id":"https:\/\/aktivators-sals.lv\/#breadcrumb"},"inLanguage":"en-US","potentialAction":[{"@type":"ReadAction","target":["https:\/\/aktivators-sals.lv\/"]}]},{"@type":"BreadcrumbList","@id":"https:\/\/aktivators-sals.lv\/#breadcrumb","itemListElement":[{"@type":"ListItem","position":1,"name":"Home","item":"https:\/\/aktivators-sals.lv\/"},{"@type":"ListItem","position":2,"name":"S\u0101kuma"}]},{"@type":"WebSite","@id":"https:\/\/aktivators-sals.lv\/#website","url":"https:\/\/aktivators-sals.lv\/","name":"(LV) Aktivators.lv","description":"Tehniskais s\u0101ls","publisher":{"@id":"https:\/\/aktivators-sals.lv\/#organization"},"potentialAction":[{"@type":"SearchAction","target":{"@type":"EntryPoint","urlTemplate":"https:\/\/aktivators-sals.lv\/?s={search_term_string}"},"query-input":"required name=search_term_string"}],"inLanguage":"en-US"},{"@type":"Organization","@id":"https:\/\/aktivators-sals.lv\/#organization","name":"(LV) Aktivators.lv","url":"https:\/\/aktivators-sals.lv\/","logo":{"@type":"ImageObject","inLanguage":"en-US","@id":"https:\/\/aktivators-sals.lv\/#\/schema\/logo\/image\/","url":"https:\/\/aktivators-sals.lv\/wp-content\/uploads\/2022\/04\/logo.png","contentUrl":"https:\/\/aktivators-sals.lv\/wp-content\/uploads\/2022\/04\/logo.png","width":193,"height":57,"caption":"(LV) Aktivators.lv"},"image":{"@id":"https:\/\/aktivators-sals.lv\/#\/schema\/logo\/image\/"}}]}},"acf":[],"_links":{"self":[{"href":"https:\/\/aktivators-sals.lv\/en\/wp-json\/wp\/v2\/pages\/12"}],"collection":[{"href":"https:\/\/aktivators-sals.lv\/en\/wp-json\/wp\/v2\/pages"}],"about":[{"href":"https:\/\/aktivators-sals.lv\/en\/wp-json\/wp\/v2\/types\/page"}],"author":[{"embeddable":true,"href":"https:\/\/aktivators-sals.lv\/en\/wp-json\/wp\/v2\/users\/1"}],"replies":[{"embeddable":true,"href":"https:\/\/aktivators-sals.lv\/en\/wp-json\/wp\/v2\/comments?post=12"}],"version-history":[{"count":184,"href":"https:\/\/aktivators-sals.lv\/en\/wp-json\/wp\/v2\/pages\/12\/revisions"}],"predecessor-version":[{"id":8998,"href":"https:\/\/aktivators-sals.lv\/en\/wp-json\/wp\/v2\/pages\/12\/revisions\/8998"}],"wp:attachment":[{"href":"https:\/\/aktivators-sals.lv\/en\/wp-json\/wp\/v2\/media?parent=12"}],"curies":[{"name":"wp","href":"https:\/\/api.w.org\/{rel}","templated":true}]}}