{"id":8749,"date":"2023-07-12T08:57:18","date_gmt":"2023-07-12T08:57:18","guid":{"rendered":"https:\/\/aktivators-sals.lv\/lv\/?post_type=product&#038;p=8749"},"modified":"2023-08-02T08:10:07","modified_gmt":"2023-08-02T08:10:07","slug":"samota-kiegeli-un-plaksnes","status":"publish","type":"product","link":"https:\/\/aktivators-sals.lv\/en\/shop\/samota-kiegeli-un-plaksnes\/","title":{"rendered":"Fireclay brick"},"content":{"rendered":"<p><strong>Fireclay brick<\/strong> is a refractory brick made by firing chamotte powder and special ground refractory clay at high temperatures. Used for laying hearths, fireplaces, smelting furnaces.<\/p>\n<ul>\n<li>withstands temperatures up to 1690 \u00b0 \u0421;<\/li>\n<li>high thermal inertia (heats up slowly and cools down for a long time);<\/li>\n<li>high heat capacity (accumulates heat in itself);<\/li>\n<li>resistant to temperature extremes;<\/li>\n<\/ul>\n<p>&nbsp;<\/p>\n<table class=\"styled-table\">\n<thead>\n<tr>\n<th>\u0160amota \u0137iegeli<\/th>\n<th>Izm\u0113ri<\/th>\n<\/tr>\n<\/thead>\n<tbody>\n<tr>\n<td>\u0160A-5<\/td>\n<td>230*114*65<\/td>\n<\/tr>\n<tr>\n<td>\u0160A-6<\/td>\n<td>230*114*40<\/td>\n<\/tr>\n<tr>\n<td>\u0160A-8<\/td>\n<td>250*124*65<\/td>\n<\/tr>\n<tr>\n<td>\u0160A-9<\/td>\n<td>300*150*65<\/td>\n<\/tr>\n<tr>\n<td>\u0160A-12<\/td>\n<td>230*172*65<\/td>\n<\/tr>\n<tr>\n<td>\u0160A-15<\/td>\n<td>300*225*65<\/td>\n<\/tr>\n<tr>\n<td>\u0160A-22(garais \u0137\u012blis)<\/td>\n<td>230*65*55*114<\/td>\n<\/tr>\n<tr>\n<td>\u0160A-23(garais \u0137\u012blis)<\/td>\n<td>230*65*45*114<\/td>\n<\/tr>\n<tr>\n<td>\u0160A-35(garais \u0137\u012blis)<\/td>\n<td>230*65*55*172<\/td>\n<\/tr>\n<tr>\n<td>\u0160A-36(garais \u0137\u012blis)<\/td>\n<td>230*65*45*172<\/td>\n<\/tr>\n<tr>\n<td>\u0160A-44(s\u0101nu \u0137\u012blis)<\/td>\n<td>230*65*55*114<\/td>\n<\/tr>\n<tr>\n<td>\u0160A-45(s\u0101nu \u0137\u012blis)<\/td>\n<td>230*65*45*114<\/td>\n<\/tr>\n<tr>\n<td>\u0160A-25<\/td>\n<td>250*65*55*124<\/td>\n<\/tr>\n<tr>\n<td>\u0160A-40(garais \u0137\u012blis)<\/td>\n<td>300*65*55*225<\/td>\n<\/tr>\n<tr>\n<td>\u0160A-41(garais \u0137\u012blis)<\/td>\n<td>300*65*45*225<\/td>\n<\/tr>\n<tr>\n<td>\u0160A-47(s\u0101nu \u0137\u012blis)<\/td>\n<td>250*65*55*124<\/td>\n<\/tr>\n<tr>\n<td>\u0160A-51<\/td>\n<td>230*65*114*56<\/td>\n<\/tr>\n<tr>\n<td>\u0160A-68(pap\u0113dis)<\/td>\n<td>230*269*114<\/td>\n<\/tr>\n<\/tbody>\n<\/table>\n<p><\/p>","protected":false},"excerpt":{"rendered":"<p><strong>Fireclay brick<\/strong> is a refractory brick made by firing chamotte powder and special ground refractory clay at high temperatures. Used for laying hearths, fireplaces, smelting furnaces.<\/p>\n<ul>\n<li>withstands temperatures up to 1690 \u00b0 \u0421;<\/li>\n<li>high thermal inertia (heats up slowly and cools down for a long time);<\/li>\n<li>high heat capacity (accumulates heat in itself);<\/li>\n<li>resistant to temperature extremes;<\/li>\n<\/ul>\n","protected":false},"featured_media":8751,"template":"","meta":[],"product_cat":[125,126],"product_tag":[],"yoast_head":"<!-- This site is optimized with the Yoast SEO plugin v20.8 - https:\/\/yoast.com\/wordpress\/plugins\/seo\/ -->\n<title>Fireclay brick - (LV) Aktivators.lv<\/title>\n<meta name=\"robots\" content=\"index, follow, max-snippet:-1, max-image-preview:large, max-video-preview:-1\" \/>\n<link rel=\"canonical\" href=\"https:\/\/aktivators-sals.lv\/shop\/sojas-vaska-svece-ar-kokvilnas-daktim-200-ml-7oz-ar-citrona-un-ilang-iiang-aromatu-2-2-2-2\/\" \/>\n<meta property=\"og:locale\" content=\"en_US\" \/>\n<meta property=\"og:type\" content=\"article\" \/>\n<meta property=\"og:title\" content=\"[:lv]\u0160amota \u0137ie\u0123eli[:ru]\u0428\u0430\u043c\u043e\u0442\u043d\u044b\u0439 \u043a\u0438\u0440\u043f\u0438\u0447[:en]Fireclay brick[:] - (LV) Aktivators.lv\" \/>\n<meta property=\"og:description\" content=\"[:lv]\u0160amota \u0137ie\u0123elis - ugunsiztur\u012bgais \u0137ie\u0123elis, ar specifisk\u0101m \u012bpa\u0161\u012bb\u0101m, kas tiek ra\u017eots no sasmalcin\u0101ta ugunsiztur\u012bga m\u0101la un \u0161amota pulvera. Pielieto Kr\u0101sns un kam\u012bnu m\u016br\u0113\u0161an\u0101.   temperat\u016bras iztur\u012bba l\u012bdz 1690 \u00b0 C;  augsta siltuma inerce (l\u0113ni uzkarst un atdziest ilg\u0101ku laiku);  augsta siltumietilp\u012bba (uzkr\u0101j siltumu sev\u012b);  iztur\u012bgs pret temperat\u016bras izmai\u0146\u0101m; [:ru]\u0428\u0430\u043c\u043e\u0442\u043d\u044b\u0439 \u043a\u0438\u0440\u043f\u0438\u0447 - \u043e\u0433\u043d\u0435\u0443\u043f\u043e\u0440\u043d\u044b\u0439 \u043a\u0438\u0440\u043f\u0438\u0447, \u0438\u0437\u0433\u043e\u0442\u0430\u0432\u043b\u0438\u0432\u0430\u0435\u043c\u044b\u0439 \u043f\u0443\u0442\u0435\u043c \u043e\u0431\u0436\u0438\u0433\u0430 \u043f\u043e\u0440\u043e\u0448\u043a\u0430-\u0448\u0430\u043c\u043e\u0442\u0430 \u0438 \u0441\u043f\u0435\u0446\u0438\u0430\u043b\u044c\u043d\u043e\u0439 \u0440\u0430\u0437\u043c\u043e\u043b\u043e\u0442\u043e\u0439 \u043e\u0433\u043d\u0435\u0443\u043f\u043e\u0440\u043d\u043e\u0439 \u0433\u043b\u0438\u043d\u044b \u043f\u0440\u0438 \u0432\u044b\u0441\u043e\u043a\u0438\u0445 \u0442\u0435\u043c\u043f\u0435\u0440\u0430\u0442\u0443\u0440\u0430\u0445. \u0418\u0441\u043f\u043e\u043b\u044c\u0437\u0443\u0435\u0442\u0441\u044f \u043f\u0440\u0438 \u043a\u043b\u0430\u0434\u043a\u0435 \u0440\u0430\u0437\u043b\u0438\u0447\u043d\u044b\u0445 \u0442\u0435\u043f\u043b\u043e\u0432\u044b\u0445 \u0430\u0433\u0440\u0435\u0433\u0430\u0442\u043e\u0432 :\u043e\u0447\u0430\u0433\u043e\u0432, \u043a\u0430\u043c\u0438\u043d\u043e\u0432, \u043f\u043b\u0430\u0432\u0438\u043b\u044c\u043d\u044b\u0445 \u043f\u0435\u0447\u0435\u0439   \u0432\u044b\u0434\u0435\u0440\u0436\u0438\u0432\u0430\u0435\u0442 \u0442\u0435\u043c\u043f\u0435\u0440\u0430\u0442\u0443\u0440\u0443 \u0434\u043e 1690 \u00b0\u0421;  \u0432\u044b\u0441\u043e\u043a\u0430\u044f \u0442\u0435\u043f\u043b\u043e\u0432\u0430\u044f \u0438\u043d\u0435\u0440\u0446\u0438\u044f (\u043c\u0435\u0434\u043b\u0435\u043d\u043d\u043e \u043d\u0430\u0433\u0440\u0435\u0432\u0430\u0435\u0442\u0441\u044f \u0438 \u0434\u043e\u043b\u0433\u043e \u043e\u0441\u0442\u044b\u0432\u0430\u0435\u0442);  \u0432\u044b\u0441\u043e\u043a\u0430\u044f \u0442\u0435\u043f\u043b\u043e\u0435\u043c\u043a\u043e\u0441\u0442\u044c (\u043d\u0430\u043a\u0430\u043f\u043b\u0438\u0432\u0430\u0435\u0442 \u0432 \u0441\u0435\u0431\u0435 \u0442\u0435\u043f\u043b\u043e);  \u0441\u0442\u043e\u0439\u043a\u0438\u0439 \u043a \u043f\u0435\u0440\u0435\u043f\u0430\u0434\u0443 \u0442\u0435\u043c\u043f\u0435\u0440\u0430\u0442\u0443\u0440; [:en]Fireclay brick is a refractory brick made by firing chamotte powder and special ground refractory clay at high temperatures. Used for laying hearths, fireplaces, smelting furnaces.   withstands temperatures up to 1690 \u00b0 \u0421;  high thermal inertia (heats up slowly and cools down for a long time);  high heat capacity (accumulates heat in itself);  resistant to temperature extremes; [:de]100 % eco soy wax, cotton wick, wild flowers, essential oils, parfum. Handmade.[:]\" \/>\n<meta property=\"og:url\" content=\"https:\/\/aktivators-sals.lv\/shop\/sojas-vaska-svece-ar-kokvilnas-daktim-200-ml-7oz-ar-citrona-un-ilang-iiang-aromatu-2-2-2-2\/\" \/>\n<meta property=\"og:site_name\" content=\"(LV) Aktivators.lv\" \/>\n<meta property=\"article:modified_time\" content=\"2023-08-02T08:10:07+00:00\" \/>\n<meta property=\"og:image\" content=\"https:\/\/aktivators-sals.lv\/wp-content\/uploads\/2023\/06\/2.Samota-kiegeli-un-plaksnes.jpg\" \/>\n\t<meta property=\"og:image:width\" content=\"1280\" \/>\n\t<meta property=\"og:image:height\" content=\"960\" \/>\n\t<meta property=\"og:image:type\" content=\"image\/jpeg\" \/>\n<meta name=\"twitter:card\" content=\"summary_large_image\" \/>\n<meta name=\"twitter:label1\" content=\"Est. reading time\" \/>\n\t<meta name=\"twitter:data1\" content=\"1 minute\" \/>\n<script type=\"application\/ld+json\" class=\"yoast-schema-graph\">{\"@context\":\"https:\/\/schema.org\",\"@graph\":[{\"@type\":\"WebPage\",\"@id\":\"https:\/\/aktivators-sals.lv\/shop\/sojas-vaska-svece-ar-kokvilnas-daktim-200-ml-7oz-ar-citrona-un-ilang-iiang-aromatu-2-2-2-2\/\",\"url\":\"https:\/\/aktivators-sals.lv\/shop\/sojas-vaska-svece-ar-kokvilnas-daktim-200-ml-7oz-ar-citrona-un-ilang-iiang-aromatu-2-2-2-2\/\",\"name\":\"[:lv]\u0160amota \u0137ie\u0123eli[:ru]\u0428\u0430\u043c\u043e\u0442\u043d\u044b\u0439 \u043a\u0438\u0440\u043f\u0438\u0447[:en]Fireclay brick[:] - (LV) Aktivators.lv\",\"isPartOf\":{\"@id\":\"https:\/\/aktivators-sals.lv\/#website\"},\"datePublished\":\"2023-07-12T08:57:18+00:00\",\"dateModified\":\"2023-08-02T08:10:07+00:00\",\"breadcrumb\":{\"@id\":\"https:\/\/aktivators-sals.lv\/shop\/sojas-vaska-svece-ar-kokvilnas-daktim-200-ml-7oz-ar-citrona-un-ilang-iiang-aromatu-2-2-2-2\/#breadcrumb\"},\"inLanguage\":\"en-US\",\"potentialAction\":[{\"@type\":\"ReadAction\",\"target\":[\"https:\/\/aktivators-sals.lv\/shop\/sojas-vaska-svece-ar-kokvilnas-daktim-200-ml-7oz-ar-citrona-un-ilang-iiang-aromatu-2-2-2-2\/\"]}]},{\"@type\":\"BreadcrumbList\",\"@id\":\"https:\/\/aktivators-sals.lv\/shop\/sojas-vaska-svece-ar-kokvilnas-daktim-200-ml-7oz-ar-citrona-un-ilang-iiang-aromatu-2-2-2-2\/#breadcrumb\",\"itemListElement\":[{\"@type\":\"ListItem\",\"position\":1,\"name\":\"Home\",\"item\":\"https:\/\/aktivators-sals.lv\/\"},{\"@type\":\"ListItem\",\"position\":2,\"name\":\"Katalogs\",\"item\":\"https:\/\/aktivators-sals.lv\/katalogs\/\"},{\"@type\":\"ListItem\",\"position\":3,\"name\":\"\u0160amota \u0137ie\u0123eli\"}]},{\"@type\":\"WebSite\",\"@id\":\"https:\/\/aktivators-sals.lv\/#website\",\"url\":\"https:\/\/aktivators-sals.lv\/\",\"name\":\"(LV) Aktivators.lv\",\"description\":\"Tehniskais s\u0101ls\",\"publisher\":{\"@id\":\"https:\/\/aktivators-sals.lv\/#organization\"},\"potentialAction\":[{\"@type\":\"SearchAction\",\"target\":{\"@type\":\"EntryPoint\",\"urlTemplate\":\"https:\/\/aktivators-sals.lv\/?s={search_term_string}\"},\"query-input\":\"required name=search_term_string\"}],\"inLanguage\":\"en-US\"},{\"@type\":\"Organization\",\"@id\":\"https:\/\/aktivators-sals.lv\/#organization\",\"name\":\"(LV) Aktivators.lv\",\"url\":\"https:\/\/aktivators-sals.lv\/\",\"logo\":{\"@type\":\"ImageObject\",\"inLanguage\":\"en-US\",\"@id\":\"https:\/\/aktivators-sals.lv\/#\/schema\/logo\/image\/\",\"url\":\"https:\/\/aktivators-sals.lv\/wp-content\/uploads\/2022\/04\/logo.png\",\"contentUrl\":\"https:\/\/aktivators-sals.lv\/wp-content\/uploads\/2022\/04\/logo.png\",\"width\":193,\"height\":57,\"caption\":\"(LV) Aktivators.lv\"},\"image\":{\"@id\":\"https:\/\/aktivators-sals.lv\/#\/schema\/logo\/image\/\"}}]}<\/script>\n<!-- \/ Yoast SEO plugin. -->","yoast_head_json":{"title":"[:lv]\u0160amota \u0137ie\u0123eli[:ru]\u0428\u0430\u043c\u043e\u0442\u043d\u044b\u0439 \u043a\u0438\u0440\u043f\u0438\u0447[:en]Fireclay brick[:] - (LV) Aktivators.lv","robots":{"index":"index","follow":"follow","max-snippet":"max-snippet:-1","max-image-preview":"max-image-preview:large","max-video-preview":"max-video-preview:-1"},"canonical":"https:\/\/aktivators-sals.lv\/shop\/sojas-vaska-svece-ar-kokvilnas-daktim-200-ml-7oz-ar-citrona-un-ilang-iiang-aromatu-2-2-2-2\/","og_locale":"en_US","og_type":"article","og_title":"[:lv]\u0160amota \u0137ie\u0123eli[:ru]\u0428\u0430\u043c\u043e\u0442\u043d\u044b\u0439 \u043a\u0438\u0440\u043f\u0438\u0447[:en]Fireclay brick[:] - (LV) Aktivators.lv","og_description":"[:lv]\u0160amota \u0137ie\u0123elis - ugunsiztur\u012bgais \u0137ie\u0123elis, ar specifisk\u0101m \u012bpa\u0161\u012bb\u0101m, kas tiek ra\u017eots no sasmalcin\u0101ta ugunsiztur\u012bga m\u0101la un \u0161amota pulvera. Pielieto Kr\u0101sns un kam\u012bnu m\u016br\u0113\u0161an\u0101.   temperat\u016bras iztur\u012bba l\u012bdz 1690 \u00b0 C;  augsta siltuma inerce (l\u0113ni uzkarst un atdziest ilg\u0101ku laiku);  augsta siltumietilp\u012bba (uzkr\u0101j siltumu sev\u012b);  iztur\u012bgs pret temperat\u016bras izmai\u0146\u0101m; [:ru]\u0428\u0430\u043c\u043e\u0442\u043d\u044b\u0439 \u043a\u0438\u0440\u043f\u0438\u0447 - \u043e\u0433\u043d\u0435\u0443\u043f\u043e\u0440\u043d\u044b\u0439 \u043a\u0438\u0440\u043f\u0438\u0447, \u0438\u0437\u0433\u043e\u0442\u0430\u0432\u043b\u0438\u0432\u0430\u0435\u043c\u044b\u0439 \u043f\u0443\u0442\u0435\u043c \u043e\u0431\u0436\u0438\u0433\u0430 \u043f\u043e\u0440\u043e\u0448\u043a\u0430-\u0448\u0430\u043c\u043e\u0442\u0430 \u0438 \u0441\u043f\u0435\u0446\u0438\u0430\u043b\u044c\u043d\u043e\u0439 \u0440\u0430\u0437\u043c\u043e\u043b\u043e\u0442\u043e\u0439 \u043e\u0433\u043d\u0435\u0443\u043f\u043e\u0440\u043d\u043e\u0439 \u0433\u043b\u0438\u043d\u044b \u043f\u0440\u0438 \u0432\u044b\u0441\u043e\u043a\u0438\u0445 \u0442\u0435\u043c\u043f\u0435\u0440\u0430\u0442\u0443\u0440\u0430\u0445. \u0418\u0441\u043f\u043e\u043b\u044c\u0437\u0443\u0435\u0442\u0441\u044f \u043f\u0440\u0438 \u043a\u043b\u0430\u0434\u043a\u0435 \u0440\u0430\u0437\u043b\u0438\u0447\u043d\u044b\u0445 \u0442\u0435\u043f\u043b\u043e\u0432\u044b\u0445 \u0430\u0433\u0440\u0435\u0433\u0430\u0442\u043e\u0432 :\u043e\u0447\u0430\u0433\u043e\u0432, \u043a\u0430\u043c\u0438\u043d\u043e\u0432, \u043f\u043b\u0430\u0432\u0438\u043b\u044c\u043d\u044b\u0445 \u043f\u0435\u0447\u0435\u0439   \u0432\u044b\u0434\u0435\u0440\u0436\u0438\u0432\u0430\u0435\u0442 \u0442\u0435\u043c\u043f\u0435\u0440\u0430\u0442\u0443\u0440\u0443 \u0434\u043e 1690 \u00b0\u0421;  \u0432\u044b\u0441\u043e\u043a\u0430\u044f \u0442\u0435\u043f\u043b\u043e\u0432\u0430\u044f \u0438\u043d\u0435\u0440\u0446\u0438\u044f (\u043c\u0435\u0434\u043b\u0435\u043d\u043d\u043e \u043d\u0430\u0433\u0440\u0435\u0432\u0430\u0435\u0442\u0441\u044f \u0438 \u0434\u043e\u043b\u0433\u043e \u043e\u0441\u0442\u044b\u0432\u0430\u0435\u0442);  \u0432\u044b\u0441\u043e\u043a\u0430\u044f \u0442\u0435\u043f\u043b\u043e\u0435\u043c\u043a\u043e\u0441\u0442\u044c (\u043d\u0430\u043a\u0430\u043f\u043b\u0438\u0432\u0430\u0435\u0442 \u0432 \u0441\u0435\u0431\u0435 \u0442\u0435\u043f\u043b\u043e);  \u0441\u0442\u043e\u0439\u043a\u0438\u0439 \u043a \u043f\u0435\u0440\u0435\u043f\u0430\u0434\u0443 \u0442\u0435\u043c\u043f\u0435\u0440\u0430\u0442\u0443\u0440; [:en]Fireclay brick is a refractory brick made by firing chamotte powder and special ground refractory clay at high temperatures. Used for laying hearths, fireplaces, smelting furnaces.   withstands temperatures up to 1690 \u00b0 \u0421;  high thermal inertia (heats up slowly and cools down for a long time);  high heat capacity (accumulates heat in itself);  resistant to temperature extremes; [:de]100 % eco soy wax, cotton wick, wild flowers, essential oils, parfum. Handmade.[:]","og_url":"https:\/\/aktivators-sals.lv\/shop\/sojas-vaska-svece-ar-kokvilnas-daktim-200-ml-7oz-ar-citrona-un-ilang-iiang-aromatu-2-2-2-2\/","og_site_name":"(LV) Aktivators.lv","article_modified_time":"2023-08-02T08:10:07+00:00","og_image":[{"width":1280,"height":960,"url":"https:\/\/aktivators-sals.lv\/wp-content\/uploads\/2023\/06\/2.Samota-kiegeli-un-plaksnes.jpg","type":"image\/jpeg"}],"twitter_card":"summary_large_image","twitter_misc":{"Est. reading time":"1 minute"},"schema":{"@context":"https:\/\/schema.org","@graph":[{"@type":"WebPage","@id":"https:\/\/aktivators-sals.lv\/shop\/sojas-vaska-svece-ar-kokvilnas-daktim-200-ml-7oz-ar-citrona-un-ilang-iiang-aromatu-2-2-2-2\/","url":"https:\/\/aktivators-sals.lv\/shop\/sojas-vaska-svece-ar-kokvilnas-daktim-200-ml-7oz-ar-citrona-un-ilang-iiang-aromatu-2-2-2-2\/","name":"[:lv]\u0160amota \u0137ie\u0123eli[:ru]\u0428\u0430\u043c\u043e\u0442\u043d\u044b\u0439 \u043a\u0438\u0440\u043f\u0438\u0447[:en]Fireclay brick[:] - (LV) Aktivators.lv","isPartOf":{"@id":"https:\/\/aktivators-sals.lv\/#website"},"datePublished":"2023-07-12T08:57:18+00:00","dateModified":"2023-08-02T08:10:07+00:00","breadcrumb":{"@id":"https:\/\/aktivators-sals.lv\/shop\/sojas-vaska-svece-ar-kokvilnas-daktim-200-ml-7oz-ar-citrona-un-ilang-iiang-aromatu-2-2-2-2\/#breadcrumb"},"inLanguage":"en-US","potentialAction":[{"@type":"ReadAction","target":["https:\/\/aktivators-sals.lv\/shop\/sojas-vaska-svece-ar-kokvilnas-daktim-200-ml-7oz-ar-citrona-un-ilang-iiang-aromatu-2-2-2-2\/"]}]},{"@type":"BreadcrumbList","@id":"https:\/\/aktivators-sals.lv\/shop\/sojas-vaska-svece-ar-kokvilnas-daktim-200-ml-7oz-ar-citrona-un-ilang-iiang-aromatu-2-2-2-2\/#breadcrumb","itemListElement":[{"@type":"ListItem","position":1,"name":"Home","item":"https:\/\/aktivators-sals.lv\/"},{"@type":"ListItem","position":2,"name":"Katalogs","item":"https:\/\/aktivators-sals.lv\/katalogs\/"},{"@type":"ListItem","position":3,"name":"\u0160amota \u0137ie\u0123eli"}]},{"@type":"WebSite","@id":"https:\/\/aktivators-sals.lv\/#website","url":"https:\/\/aktivators-sals.lv\/","name":"(LV) Aktivators.lv","description":"Tehniskais s\u0101ls","publisher":{"@id":"https:\/\/aktivators-sals.lv\/#organization"},"potentialAction":[{"@type":"SearchAction","target":{"@type":"EntryPoint","urlTemplate":"https:\/\/aktivators-sals.lv\/?s={search_term_string}"},"query-input":"required name=search_term_string"}],"inLanguage":"en-US"},{"@type":"Organization","@id":"https:\/\/aktivators-sals.lv\/#organization","name":"(LV) Aktivators.lv","url":"https:\/\/aktivators-sals.lv\/","logo":{"@type":"ImageObject","inLanguage":"en-US","@id":"https:\/\/aktivators-sals.lv\/#\/schema\/logo\/image\/","url":"https:\/\/aktivators-sals.lv\/wp-content\/uploads\/2022\/04\/logo.png","contentUrl":"https:\/\/aktivators-sals.lv\/wp-content\/uploads\/2022\/04\/logo.png","width":193,"height":57,"caption":"(LV) Aktivators.lv"},"image":{"@id":"https:\/\/aktivators-sals.lv\/#\/schema\/logo\/image\/"}}]}},"acf":[],"_links":{"self":[{"href":"https:\/\/aktivators-sals.lv\/en\/wp-json\/wp\/v2\/product\/8749"}],"collection":[{"href":"https:\/\/aktivators-sals.lv\/en\/wp-json\/wp\/v2\/product"}],"about":[{"href":"https:\/\/aktivators-sals.lv\/en\/wp-json\/wp\/v2\/types\/product"}],"wp:featuredmedia":[{"embeddable":true,"href":"https:\/\/aktivators-sals.lv\/en\/wp-json\/wp\/v2\/media\/8751"}],"wp:attachment":[{"href":"https:\/\/aktivators-sals.lv\/en\/wp-json\/wp\/v2\/media?parent=8749"}],"wp:term":[{"taxonomy":"product_cat","embeddable":true,"href":"https:\/\/aktivators-sals.lv\/en\/wp-json\/wp\/v2\/product_cat?post=8749"},{"taxonomy":"product_tag","embeddable":true,"href":"https:\/\/aktivators-sals.lv\/en\/wp-json\/wp\/v2\/product_tag?post=8749"}],"curies":[{"name":"wp","href":"https:\/\/api.w.org\/{rel}","templated":true}]}}