{"id":8816,"date":"2023-07-08T07:56:40","date_gmt":"2023-07-08T07:56:40","guid":{"rendered":"https:\/\/aktivators-sals.lv\/lv\/?post_type=product&#038;p=8816"},"modified":"2023-07-20T10:27:11","modified_gmt":"2023-07-20T10:27:11","slug":"ugunsdross-cements-gorkal-40","status":"publish","type":"product","link":"https:\/\/aktivators-sals.lv\/en\/shop\/lv-ugunsdross-cements-gorkal-40-2\/","title":{"rendered":"Calcium aluminate cement G\u00d3RKAL 40"},"content":{"rendered":"<p><strong>Calcium aluminate cement<\/strong> <strong>G\u00d3RKAL 40<\/strong><\/p>\n<ul>\n<li>Short setting time<\/li>\n<li>Fast increase in mechanical strength<\/li>\n<li>Resistance to sulphate attack, sea water, carbon monoxide, methane<\/li>\n<li>The lowest temperature at which work can be carried out (-10\u00a0<sup>o<\/sup>C)<\/li>\n<li>Ensuring complete protection of reinforcement<\/li>\n<li>Phase composition, guaranteeing excellent mechanical properties of mortars and concretes<\/li>\n<\/ul>\n<p>&nbsp;<\/p>\n<p>Cement\u00a0<strong>G\u00d3RKAL 40<\/strong>\u00a0cement is irreplaceable in the installation of heating devices operating at temperatures up to 1300\u00a0<sup>o<\/sup>C, which is why we recommend it for the construction of fireplaces, furnace lining, conducting repairs of chimney and ventilation ducts. The use of this cement significantly extends the life of these devices.<\/p>\n<p>Cement G\u00d3RKAL 40 is also perfectly at low temperatures, it can be used even at \u201310\u00a0<sup>o<\/sup>C. . It also works well in chemically aggressive environment (e.g. chlorides, sulphates). Characteristic properties of G\u00d3RKAL 40 cement, such as short bonding time and fast increase in mechanical strength make it possible to use it in urgent home repairs. It can therefore be used for screeds, window sills and lintels.<\/p>","protected":false},"excerpt":{"rendered":"<p class=\"qtranxs-available-languages-message qtranxs-available-languages-message-en\">Sorry, this entry is only available in <a href=\"https:\/\/aktivators-sals.lv\/lv\/wp-json\/wp\/v2\/product\/8816\" class=\"qtranxs-available-language-link qtranxs-available-language-link-lv\" title=\"LV\">Latvian<\/a>.<\/p>\n","protected":false},"featured_media":8900,"template":"","meta":[],"product_cat":[125],"product_tag":[],"yoast_head":"<!-- This site is optimized with the Yoast SEO plugin v20.8 - https:\/\/yoast.com\/wordpress\/plugins\/seo\/ -->\n<title>Calcium aluminate cement G\u00d3RKAL 40 - (LV) Aktivators.lv<\/title>\n<meta name=\"robots\" content=\"index, follow, max-snippet:-1, max-image-preview:large, max-video-preview:-1\" \/>\n<link rel=\"canonical\" href=\"https:\/\/aktivators-sals.lv\/ru\/shop\/lv-ugunsdross-cements-gorkal-40-2\/\" \/>\n<meta property=\"og:locale\" content=\"en_US\" \/>\n<meta property=\"og:type\" content=\"article\" \/>\n<meta property=\"og:title\" content=\"[:lv]Ugunsdro\u0161s cements Gorkal 40[:ru]\u041e\u0433\u043d\u0435\u0443\u043f\u043e\u0440\u043d\u044b\u0439 \u0446\u0435\u043c\u0435\u043d\u0442 G\u00d3RKAL 40[:en]Calcium aluminate cement G\u00d3RKAL 40[:] - (LV) Aktivators.lv\" \/>\n<meta property=\"og:description\" content=\"[:lv]Ugunsdro\u0161s cements Gorkal[:]\" \/>\n<meta property=\"og:url\" content=\"https:\/\/aktivators-sals.lv\/ru\/shop\/lv-ugunsdross-cements-gorkal-40-2\/\" \/>\n<meta property=\"og:site_name\" content=\"(LV) Aktivators.lv\" \/>\n<meta property=\"article:modified_time\" content=\"2023-07-20T10:27:11+00:00\" \/>\n<meta property=\"og:image\" content=\"https:\/\/aktivators-sals.lv\/wp-content\/uploads\/2023\/07\/g40.jpg\" \/>\n\t<meta property=\"og:image:width\" content=\"500\" \/>\n\t<meta property=\"og:image:height\" content=\"500\" \/>\n\t<meta property=\"og:image:type\" content=\"image\/jpeg\" \/>\n<meta name=\"twitter:card\" content=\"summary_large_image\" \/>\n<meta name=\"twitter:label1\" content=\"Est. reading time\" \/>\n\t<meta name=\"twitter:data1\" content=\"3 minutes\" \/>\n<script type=\"application\/ld+json\" class=\"yoast-schema-graph\">{\"@context\":\"https:\/\/schema.org\",\"@graph\":[{\"@type\":\"WebPage\",\"@id\":\"https:\/\/aktivators-sals.lv\/ru\/shop\/lv-ugunsdross-cements-gorkal-40-2\/\",\"url\":\"https:\/\/aktivators-sals.lv\/ru\/shop\/lv-ugunsdross-cements-gorkal-40-2\/\",\"name\":\"[:lv]Ugunsdro\u0161s cements Gorkal 40[:ru]\u041e\u0433\u043d\u0435\u0443\u043f\u043e\u0440\u043d\u044b\u0439 \u0446\u0435\u043c\u0435\u043d\u0442 G\u00d3RKAL 40[:en]Calcium aluminate cement G\u00d3RKAL 40[:] - (LV) Aktivators.lv\",\"isPartOf\":{\"@id\":\"https:\/\/aktivators-sals.lv\/#website\"},\"datePublished\":\"2023-07-08T07:56:40+00:00\",\"dateModified\":\"2023-07-20T10:27:11+00:00\",\"breadcrumb\":{\"@id\":\"https:\/\/aktivators-sals.lv\/ru\/shop\/lv-ugunsdross-cements-gorkal-40-2\/#breadcrumb\"},\"inLanguage\":\"en-US\",\"potentialAction\":[{\"@type\":\"ReadAction\",\"target\":[\"https:\/\/aktivators-sals.lv\/ru\/shop\/lv-ugunsdross-cements-gorkal-40-2\/\"]}]},{\"@type\":\"BreadcrumbList\",\"@id\":\"https:\/\/aktivators-sals.lv\/ru\/shop\/lv-ugunsdross-cements-gorkal-40-2\/#breadcrumb\",\"itemListElement\":[{\"@type\":\"ListItem\",\"position\":1,\"name\":\"Home\",\"item\":\"https:\/\/aktivators-sals.lv\/\"},{\"@type\":\"ListItem\",\"position\":2,\"name\":\"Katalogs\",\"item\":\"https:\/\/aktivators-sals.lv\/katalogs\/\"},{\"@type\":\"ListItem\",\"position\":3,\"name\":\"\u041e\u0433\u043d\u0435\u0443\u043f\u043e\u0440\u043d\u044b\u0439 \u0446\u0435\u043c\u0435\u043d\u0442 G\u00d3RKAL 40\"}]},{\"@type\":\"WebSite\",\"@id\":\"https:\/\/aktivators-sals.lv\/#website\",\"url\":\"https:\/\/aktivators-sals.lv\/\",\"name\":\"(LV) Aktivators.lv\",\"description\":\"Tehniskais s\u0101ls\",\"publisher\":{\"@id\":\"https:\/\/aktivators-sals.lv\/#organization\"},\"potentialAction\":[{\"@type\":\"SearchAction\",\"target\":{\"@type\":\"EntryPoint\",\"urlTemplate\":\"https:\/\/aktivators-sals.lv\/?s={search_term_string}\"},\"query-input\":\"required name=search_term_string\"}],\"inLanguage\":\"en-US\"},{\"@type\":\"Organization\",\"@id\":\"https:\/\/aktivators-sals.lv\/#organization\",\"name\":\"(LV) Aktivators.lv\",\"url\":\"https:\/\/aktivators-sals.lv\/\",\"logo\":{\"@type\":\"ImageObject\",\"inLanguage\":\"en-US\",\"@id\":\"https:\/\/aktivators-sals.lv\/#\/schema\/logo\/image\/\",\"url\":\"https:\/\/aktivators-sals.lv\/wp-content\/uploads\/2022\/04\/logo.png\",\"contentUrl\":\"https:\/\/aktivators-sals.lv\/wp-content\/uploads\/2022\/04\/logo.png\",\"width\":193,\"height\":57,\"caption\":\"(LV) Aktivators.lv\"},\"image\":{\"@id\":\"https:\/\/aktivators-sals.lv\/#\/schema\/logo\/image\/\"}}]}<\/script>\n<!-- \/ Yoast SEO plugin. -->","yoast_head_json":{"title":"[:lv]Ugunsdro\u0161s cements Gorkal 40[:ru]\u041e\u0433\u043d\u0435\u0443\u043f\u043e\u0440\u043d\u044b\u0439 \u0446\u0435\u043c\u0435\u043d\u0442 G\u00d3RKAL 40[:en]Calcium aluminate cement G\u00d3RKAL 40[:] - (LV) Aktivators.lv","robots":{"index":"index","follow":"follow","max-snippet":"max-snippet:-1","max-image-preview":"max-image-preview:large","max-video-preview":"max-video-preview:-1"},"canonical":"https:\/\/aktivators-sals.lv\/ru\/shop\/lv-ugunsdross-cements-gorkal-40-2\/","og_locale":"en_US","og_type":"article","og_title":"[:lv]Ugunsdro\u0161s cements Gorkal 40[:ru]\u041e\u0433\u043d\u0435\u0443\u043f\u043e\u0440\u043d\u044b\u0439 \u0446\u0435\u043c\u0435\u043d\u0442 G\u00d3RKAL 40[:en]Calcium aluminate cement G\u00d3RKAL 40[:] - (LV) Aktivators.lv","og_description":"[:lv]Ugunsdro\u0161s cements Gorkal[:]","og_url":"https:\/\/aktivators-sals.lv\/ru\/shop\/lv-ugunsdross-cements-gorkal-40-2\/","og_site_name":"(LV) Aktivators.lv","article_modified_time":"2023-07-20T10:27:11+00:00","og_image":[{"width":500,"height":500,"url":"https:\/\/aktivators-sals.lv\/wp-content\/uploads\/2023\/07\/g40.jpg","type":"image\/jpeg"}],"twitter_card":"summary_large_image","twitter_misc":{"Est. reading time":"3 minutes"},"schema":{"@context":"https:\/\/schema.org","@graph":[{"@type":"WebPage","@id":"https:\/\/aktivators-sals.lv\/ru\/shop\/lv-ugunsdross-cements-gorkal-40-2\/","url":"https:\/\/aktivators-sals.lv\/ru\/shop\/lv-ugunsdross-cements-gorkal-40-2\/","name":"[:lv]Ugunsdro\u0161s cements Gorkal 40[:ru]\u041e\u0433\u043d\u0435\u0443\u043f\u043e\u0440\u043d\u044b\u0439 \u0446\u0435\u043c\u0435\u043d\u0442 G\u00d3RKAL 40[:en]Calcium aluminate cement G\u00d3RKAL 40[:] - (LV) Aktivators.lv","isPartOf":{"@id":"https:\/\/aktivators-sals.lv\/#website"},"datePublished":"2023-07-08T07:56:40+00:00","dateModified":"2023-07-20T10:27:11+00:00","breadcrumb":{"@id":"https:\/\/aktivators-sals.lv\/ru\/shop\/lv-ugunsdross-cements-gorkal-40-2\/#breadcrumb"},"inLanguage":"en-US","potentialAction":[{"@type":"ReadAction","target":["https:\/\/aktivators-sals.lv\/ru\/shop\/lv-ugunsdross-cements-gorkal-40-2\/"]}]},{"@type":"BreadcrumbList","@id":"https:\/\/aktivators-sals.lv\/ru\/shop\/lv-ugunsdross-cements-gorkal-40-2\/#breadcrumb","itemListElement":[{"@type":"ListItem","position":1,"name":"Home","item":"https:\/\/aktivators-sals.lv\/"},{"@type":"ListItem","position":2,"name":"Katalogs","item":"https:\/\/aktivators-sals.lv\/katalogs\/"},{"@type":"ListItem","position":3,"name":"\u041e\u0433\u043d\u0435\u0443\u043f\u043e\u0440\u043d\u044b\u0439 \u0446\u0435\u043c\u0435\u043d\u0442 G\u00d3RKAL 40"}]},{"@type":"WebSite","@id":"https:\/\/aktivators-sals.lv\/#website","url":"https:\/\/aktivators-sals.lv\/","name":"(LV) Aktivators.lv","description":"Tehniskais s\u0101ls","publisher":{"@id":"https:\/\/aktivators-sals.lv\/#organization"},"potentialAction":[{"@type":"SearchAction","target":{"@type":"EntryPoint","urlTemplate":"https:\/\/aktivators-sals.lv\/?s={search_term_string}"},"query-input":"required name=search_term_string"}],"inLanguage":"en-US"},{"@type":"Organization","@id":"https:\/\/aktivators-sals.lv\/#organization","name":"(LV) Aktivators.lv","url":"https:\/\/aktivators-sals.lv\/","logo":{"@type":"ImageObject","inLanguage":"en-US","@id":"https:\/\/aktivators-sals.lv\/#\/schema\/logo\/image\/","url":"https:\/\/aktivators-sals.lv\/wp-content\/uploads\/2022\/04\/logo.png","contentUrl":"https:\/\/aktivators-sals.lv\/wp-content\/uploads\/2022\/04\/logo.png","width":193,"height":57,"caption":"(LV) Aktivators.lv"},"image":{"@id":"https:\/\/aktivators-sals.lv\/#\/schema\/logo\/image\/"}}]}},"acf":[],"_links":{"self":[{"href":"https:\/\/aktivators-sals.lv\/en\/wp-json\/wp\/v2\/product\/8816"}],"collection":[{"href":"https:\/\/aktivators-sals.lv\/en\/wp-json\/wp\/v2\/product"}],"about":[{"href":"https:\/\/aktivators-sals.lv\/en\/wp-json\/wp\/v2\/types\/product"}],"wp:featuredmedia":[{"embeddable":true,"href":"https:\/\/aktivators-sals.lv\/en\/wp-json\/wp\/v2\/media\/8900"}],"wp:attachment":[{"href":"https:\/\/aktivators-sals.lv\/en\/wp-json\/wp\/v2\/media?parent=8816"}],"wp:term":[{"taxonomy":"product_cat","embeddable":true,"href":"https:\/\/aktivators-sals.lv\/en\/wp-json\/wp\/v2\/product_cat?post=8816"},{"taxonomy":"product_tag","embeddable":true,"href":"https:\/\/aktivators-sals.lv\/en\/wp-json\/wp\/v2\/product_tag?post=8816"}],"curies":[{"name":"wp","href":"https:\/\/api.w.org\/{rel}","templated":true}]}}