{"id":8839,"date":"2023-07-17T02:31:35","date_gmt":"2023-07-17T02:31:35","guid":{"rendered":"https:\/\/aktivators-sals.lv\/lv\/?post_type=product&#038;p=8839"},"modified":"2023-07-28T10:50:45","modified_gmt":"2023-07-28T10:50:45","slug":"skidrais-natrija-hidroksids-46-47","status":"publish","type":"product","link":"https:\/\/aktivators-sals.lv\/en\/shop\/lv-skidrais-natrija-hidroksids-46-47\/","title":{"rendered":"Sodium hydroxide solution"},"content":{"rendered":"<p class=\"qtranxs-available-languages-message qtranxs-available-languages-message-en\">Sorry, this entry is only available in <a href=\"https:\/\/aktivators-sals.lv\/lv\/wp-json\/wp\/v2\/product\/8839\" class=\"qtranxs-available-language-link qtranxs-available-language-link-lv\" title=\"LV\">Latvian<\/a> and <a href=\"https:\/\/aktivators-sals.lv\/ru\/wp-json\/wp\/v2\/product\/8839\" class=\"qtranxs-available-language-link qtranxs-available-language-link-ru\" title=\"RU\">Russian<\/a>.<\/p>","protected":false},"excerpt":{"rendered":"<p>Sorry, this entry is only available in Latvian and Russian.<\/p>\n","protected":false},"featured_media":8881,"template":"","meta":[],"product_cat":[124],"product_tag":[],"yoast_head":"<!-- This site is optimized with the Yoast SEO plugin v20.8 - https:\/\/yoast.com\/wordpress\/plugins\/seo\/ -->\n<title>Sodium hydroxide solution - (LV) Aktivators.lv<\/title>\n<meta name=\"robots\" content=\"index, follow, max-snippet:-1, max-image-preview:large, max-video-preview:-1\" \/>\n<link rel=\"canonical\" href=\"https:\/\/aktivators-sals.lv\/shop\/skidrais-natrija-hidroksids-46-47\/\" \/>\n<meta property=\"og:locale\" content=\"en_US\" \/>\n<meta property=\"og:type\" content=\"article\" \/>\n<meta property=\"og:title\" content=\"[:lv]Kaustisk\u0101 soda \u0161\u0137idra (\u0160\u0137idrais n\u0101trija hidroks\u012bds 46-47%)[:ru]\u041d\u0430\u0442\u0440 \u0435\u0434\u043a\u0438\u0439 \u0436\u0438\u0434\u043a\u0438\u0439[:en]Sodium hydroxide solution[:] - (LV) Aktivators.lv\" \/>\n<meta property=\"og:description\" content=\"Sorry, this entry is only available in Latvian and Russian.\" \/>\n<meta property=\"og:url\" content=\"https:\/\/aktivators-sals.lv\/shop\/skidrais-natrija-hidroksids-46-47\/\" \/>\n<meta property=\"og:site_name\" content=\"(LV) Aktivators.lv\" \/>\n<meta property=\"article:modified_time\" content=\"2023-07-28T10:50:45+00:00\" \/>\n<meta property=\"og:image\" content=\"https:\/\/aktivators-sals.lv\/wp-content\/uploads\/2023\/07\/images.jpg\" \/>\n\t<meta property=\"og:image:width\" content=\"225\" \/>\n\t<meta property=\"og:image:height\" content=\"225\" \/>\n\t<meta property=\"og:image:type\" content=\"image\/jpeg\" \/>\n<meta name=\"twitter:card\" content=\"summary_large_image\" \/>\n<meta name=\"twitter:label1\" content=\"Est. reading time\" \/>\n\t<meta name=\"twitter:data1\" content=\"1 minute\" \/>\n<script type=\"application\/ld+json\" class=\"yoast-schema-graph\">{\"@context\":\"https:\/\/schema.org\",\"@graph\":[{\"@type\":\"WebPage\",\"@id\":\"https:\/\/aktivators-sals.lv\/shop\/skidrais-natrija-hidroksids-46-47\/\",\"url\":\"https:\/\/aktivators-sals.lv\/shop\/skidrais-natrija-hidroksids-46-47\/\",\"name\":\"[:lv]Kaustisk\u0101 soda \u0161\u0137idra (\u0160\u0137idrais n\u0101trija hidroks\u012bds 46-47%)[:ru]\u041d\u0430\u0442\u0440 \u0435\u0434\u043a\u0438\u0439 \u0436\u0438\u0434\u043a\u0438\u0439[:en]Sodium hydroxide solution[:] - (LV) Aktivators.lv\",\"isPartOf\":{\"@id\":\"https:\/\/aktivators-sals.lv\/#website\"},\"datePublished\":\"2023-07-17T02:31:35+00:00\",\"dateModified\":\"2023-07-28T10:50:45+00:00\",\"breadcrumb\":{\"@id\":\"https:\/\/aktivators-sals.lv\/shop\/skidrais-natrija-hidroksids-46-47\/#breadcrumb\"},\"inLanguage\":\"en-US\",\"potentialAction\":[{\"@type\":\"ReadAction\",\"target\":[\"https:\/\/aktivators-sals.lv\/shop\/skidrais-natrija-hidroksids-46-47\/\"]}]},{\"@type\":\"BreadcrumbList\",\"@id\":\"https:\/\/aktivators-sals.lv\/shop\/skidrais-natrija-hidroksids-46-47\/#breadcrumb\",\"itemListElement\":[{\"@type\":\"ListItem\",\"position\":1,\"name\":\"Home\",\"item\":\"https:\/\/aktivators-sals.lv\/\"},{\"@type\":\"ListItem\",\"position\":2,\"name\":\"Katalogs\",\"item\":\"https:\/\/aktivators-sals.lv\/katalogs\/\"},{\"@type\":\"ListItem\",\"position\":3,\"name\":\"Kaustisk\u0101 soda \u0161\u0137idra (\u0160\u0137idrais n\u0101trija hidroks\u012bds 46-47%)\"}]},{\"@type\":\"WebSite\",\"@id\":\"https:\/\/aktivators-sals.lv\/#website\",\"url\":\"https:\/\/aktivators-sals.lv\/\",\"name\":\"(LV) Aktivators.lv\",\"description\":\"Tehniskais s\u0101ls\",\"publisher\":{\"@id\":\"https:\/\/aktivators-sals.lv\/#organization\"},\"potentialAction\":[{\"@type\":\"SearchAction\",\"target\":{\"@type\":\"EntryPoint\",\"urlTemplate\":\"https:\/\/aktivators-sals.lv\/?s={search_term_string}\"},\"query-input\":\"required name=search_term_string\"}],\"inLanguage\":\"en-US\"},{\"@type\":\"Organization\",\"@id\":\"https:\/\/aktivators-sals.lv\/#organization\",\"name\":\"(LV) Aktivators.lv\",\"url\":\"https:\/\/aktivators-sals.lv\/\",\"logo\":{\"@type\":\"ImageObject\",\"inLanguage\":\"en-US\",\"@id\":\"https:\/\/aktivators-sals.lv\/#\/schema\/logo\/image\/\",\"url\":\"https:\/\/aktivators-sals.lv\/wp-content\/uploads\/2022\/04\/logo.png\",\"contentUrl\":\"https:\/\/aktivators-sals.lv\/wp-content\/uploads\/2022\/04\/logo.png\",\"width\":193,\"height\":57,\"caption\":\"(LV) Aktivators.lv\"},\"image\":{\"@id\":\"https:\/\/aktivators-sals.lv\/#\/schema\/logo\/image\/\"}}]}<\/script>\n<!-- \/ Yoast SEO plugin. -->","yoast_head_json":{"title":"[:lv]Kaustisk\u0101 soda \u0161\u0137idra (\u0160\u0137idrais n\u0101trija hidroks\u012bds 46-47%)[:ru]\u041d\u0430\u0442\u0440 \u0435\u0434\u043a\u0438\u0439 \u0436\u0438\u0434\u043a\u0438\u0439[:en]Sodium hydroxide solution[:] - (LV) Aktivators.lv","robots":{"index":"index","follow":"follow","max-snippet":"max-snippet:-1","max-image-preview":"max-image-preview:large","max-video-preview":"max-video-preview:-1"},"canonical":"https:\/\/aktivators-sals.lv\/shop\/skidrais-natrija-hidroksids-46-47\/","og_locale":"en_US","og_type":"article","og_title":"[:lv]Kaustisk\u0101 soda \u0161\u0137idra (\u0160\u0137idrais n\u0101trija hidroks\u012bds 46-47%)[:ru]\u041d\u0430\u0442\u0440 \u0435\u0434\u043a\u0438\u0439 \u0436\u0438\u0434\u043a\u0438\u0439[:en]Sodium hydroxide solution[:] - (LV) Aktivators.lv","og_description":"Sorry, this entry is only available in Latvian and Russian.","og_url":"https:\/\/aktivators-sals.lv\/shop\/skidrais-natrija-hidroksids-46-47\/","og_site_name":"(LV) Aktivators.lv","article_modified_time":"2023-07-28T10:50:45+00:00","og_image":[{"width":225,"height":225,"url":"https:\/\/aktivators-sals.lv\/wp-content\/uploads\/2023\/07\/images.jpg","type":"image\/jpeg"}],"twitter_card":"summary_large_image","twitter_misc":{"Est. reading time":"1 minute"},"schema":{"@context":"https:\/\/schema.org","@graph":[{"@type":"WebPage","@id":"https:\/\/aktivators-sals.lv\/shop\/skidrais-natrija-hidroksids-46-47\/","url":"https:\/\/aktivators-sals.lv\/shop\/skidrais-natrija-hidroksids-46-47\/","name":"[:lv]Kaustisk\u0101 soda \u0161\u0137idra (\u0160\u0137idrais n\u0101trija hidroks\u012bds 46-47%)[:ru]\u041d\u0430\u0442\u0440 \u0435\u0434\u043a\u0438\u0439 \u0436\u0438\u0434\u043a\u0438\u0439[:en]Sodium hydroxide solution[:] - (LV) Aktivators.lv","isPartOf":{"@id":"https:\/\/aktivators-sals.lv\/#website"},"datePublished":"2023-07-17T02:31:35+00:00","dateModified":"2023-07-28T10:50:45+00:00","breadcrumb":{"@id":"https:\/\/aktivators-sals.lv\/shop\/skidrais-natrija-hidroksids-46-47\/#breadcrumb"},"inLanguage":"en-US","potentialAction":[{"@type":"ReadAction","target":["https:\/\/aktivators-sals.lv\/shop\/skidrais-natrija-hidroksids-46-47\/"]}]},{"@type":"BreadcrumbList","@id":"https:\/\/aktivators-sals.lv\/shop\/skidrais-natrija-hidroksids-46-47\/#breadcrumb","itemListElement":[{"@type":"ListItem","position":1,"name":"Home","item":"https:\/\/aktivators-sals.lv\/"},{"@type":"ListItem","position":2,"name":"Katalogs","item":"https:\/\/aktivators-sals.lv\/katalogs\/"},{"@type":"ListItem","position":3,"name":"Kaustisk\u0101 soda \u0161\u0137idra (\u0160\u0137idrais n\u0101trija hidroks\u012bds 46-47%)"}]},{"@type":"WebSite","@id":"https:\/\/aktivators-sals.lv\/#website","url":"https:\/\/aktivators-sals.lv\/","name":"(LV) Aktivators.lv","description":"Tehniskais s\u0101ls","publisher":{"@id":"https:\/\/aktivators-sals.lv\/#organization"},"potentialAction":[{"@type":"SearchAction","target":{"@type":"EntryPoint","urlTemplate":"https:\/\/aktivators-sals.lv\/?s={search_term_string}"},"query-input":"required name=search_term_string"}],"inLanguage":"en-US"},{"@type":"Organization","@id":"https:\/\/aktivators-sals.lv\/#organization","name":"(LV) Aktivators.lv","url":"https:\/\/aktivators-sals.lv\/","logo":{"@type":"ImageObject","inLanguage":"en-US","@id":"https:\/\/aktivators-sals.lv\/#\/schema\/logo\/image\/","url":"https:\/\/aktivators-sals.lv\/wp-content\/uploads\/2022\/04\/logo.png","contentUrl":"https:\/\/aktivators-sals.lv\/wp-content\/uploads\/2022\/04\/logo.png","width":193,"height":57,"caption":"(LV) Aktivators.lv"},"image":{"@id":"https:\/\/aktivators-sals.lv\/#\/schema\/logo\/image\/"}}]}},"acf":[],"_links":{"self":[{"href":"https:\/\/aktivators-sals.lv\/en\/wp-json\/wp\/v2\/product\/8839"}],"collection":[{"href":"https:\/\/aktivators-sals.lv\/en\/wp-json\/wp\/v2\/product"}],"about":[{"href":"https:\/\/aktivators-sals.lv\/en\/wp-json\/wp\/v2\/types\/product"}],"wp:featuredmedia":[{"embeddable":true,"href":"https:\/\/aktivators-sals.lv\/en\/wp-json\/wp\/v2\/media\/8881"}],"wp:attachment":[{"href":"https:\/\/aktivators-sals.lv\/en\/wp-json\/wp\/v2\/media?parent=8839"}],"wp:term":[{"taxonomy":"product_cat","embeddable":true,"href":"https:\/\/aktivators-sals.lv\/en\/wp-json\/wp\/v2\/product_cat?post=8839"},{"taxonomy":"product_tag","embeddable":true,"href":"https:\/\/aktivators-sals.lv\/en\/wp-json\/wp\/v2\/product_tag?post=8839"}],"curies":[{"name":"wp","href":"https:\/\/api.w.org\/{rel}","templated":true}]}}