{"id":8850,"date":"2023-07-07T11:41:41","date_gmt":"2023-07-07T11:41:41","guid":{"rendered":"https:\/\/aktivators-sals.lv\/lv\/?post_type=product&#038;p=8850"},"modified":"2023-07-28T10:44:31","modified_gmt":"2023-07-28T10:44:31","slug":"aluminija-cements-gorkal-70","status":"publish","type":"product","link":"https:\/\/aktivators-sals.lv\/en\/shop\/lv-ugunsdross-cements-gorkal-40\/","title":{"rendered":"High alumina cement G\u00d3RKAL 70"},"content":{"rendered":"<p><strong>High alumina cement<\/strong> <strong>G\u00d3RKAL 70\u00a0<\/strong><\/p>\n<ul>\n<li>High content of Al<sub>2<\/sub>O<sub>3<\/sub><\/li>\n<li>High refractoriness<\/li>\n<li>Short setting time<\/li>\n<li>High whiteness<\/li>\n<li>Chemically pure<\/li>\n<\/ul>\n<p><strong>G\u00d3RKAL 70\u00a0<\/strong>is a binding material for refractory products. The white colour of the product means that high-alumina cement G\u00d3RKAL 70 is also used in mixtures made by the manufacturers of construction chemicals. No additives and modifiers causes that the risk of an unfavourable interaction with other mix components is small.<\/p>","protected":false},"excerpt":{"rendered":"<p class=\"qtranxs-available-languages-message qtranxs-available-languages-message-en\">Sorry, this entry is only available in <a href=\"https:\/\/aktivators-sals.lv\/lv\/wp-json\/wp\/v2\/product\/8850\" class=\"qtranxs-available-language-link qtranxs-available-language-link-lv\" title=\"LV\">Latvian<\/a>.<\/p>\n","protected":false},"featured_media":8901,"template":"","meta":[],"product_cat":[125],"product_tag":[],"yoast_head":"<!-- This site is optimized with the Yoast SEO plugin v20.8 - https:\/\/yoast.com\/wordpress\/plugins\/seo\/ -->\n<title>High alumina cement G\u00d3RKAL 70 - (LV) Aktivators.lv<\/title>\n<meta name=\"robots\" content=\"index, follow, max-snippet:-1, max-image-preview:large, max-video-preview:-1\" \/>\n<link rel=\"canonical\" href=\"https:\/\/aktivators-sals.lv\/en\/shop\/lv-ugunsdross-cements-gorkal-40\/\" \/>\n<meta property=\"og:locale\" content=\"en_US\" \/>\n<meta property=\"og:type\" content=\"article\" \/>\n<meta property=\"og:title\" content=\"[:lv]Alum\u012bnija cements GORKAL 70[:ru]\u0412\u044b\u0441\u043e\u043a\u043e\u0433\u043b\u0438\u043d\u043e\u0437\u0435\u043c\u0438\u0441\u0442\u044b\u0439 \u0446\u0435\u043c\u0435\u043d\u0442 G\u00d3RKAL 70[:en]High alumina cement G\u00d3RKAL 70[:] - (LV) Aktivators.lv\" \/>\n<meta property=\"og:description\" content=\"[:lv]Ugunsdro\u0161s cements Gorkal[:]\" \/>\n<meta property=\"og:url\" content=\"https:\/\/aktivators-sals.lv\/en\/shop\/lv-ugunsdross-cements-gorkal-40\/\" \/>\n<meta property=\"og:site_name\" content=\"(LV) Aktivators.lv\" \/>\n<meta property=\"article:modified_time\" content=\"2023-07-28T10:44:31+00:00\" \/>\n<meta property=\"og:image\" content=\"https:\/\/aktivators-sals.lv\/wp-content\/uploads\/2023\/07\/g70.jpg\" \/>\n\t<meta property=\"og:image:width\" content=\"500\" \/>\n\t<meta property=\"og:image:height\" content=\"500\" \/>\n\t<meta property=\"og:image:type\" content=\"image\/jpeg\" \/>\n<meta name=\"twitter:card\" content=\"summary_large_image\" \/>\n<meta name=\"twitter:label1\" content=\"Est. reading time\" \/>\n\t<meta name=\"twitter:data1\" content=\"2 minutes\" \/>\n<script type=\"application\/ld+json\" class=\"yoast-schema-graph\">{\"@context\":\"https:\/\/schema.org\",\"@graph\":[{\"@type\":\"WebPage\",\"@id\":\"https:\/\/aktivators-sals.lv\/en\/shop\/lv-ugunsdross-cements-gorkal-40\/\",\"url\":\"https:\/\/aktivators-sals.lv\/en\/shop\/lv-ugunsdross-cements-gorkal-40\/\",\"name\":\"[:lv]Alum\u012bnija cements GORKAL 70[:ru]\u0412\u044b\u0441\u043e\u043a\u043e\u0433\u043b\u0438\u043d\u043e\u0437\u0435\u043c\u0438\u0441\u0442\u044b\u0439 \u0446\u0435\u043c\u0435\u043d\u0442 G\u00d3RKAL 70[:en]High alumina cement G\u00d3RKAL 70[:] - (LV) Aktivators.lv\",\"isPartOf\":{\"@id\":\"https:\/\/aktivators-sals.lv\/#website\"},\"datePublished\":\"2023-07-07T11:41:41+00:00\",\"dateModified\":\"2023-07-28T10:44:31+00:00\",\"breadcrumb\":{\"@id\":\"https:\/\/aktivators-sals.lv\/en\/shop\/lv-ugunsdross-cements-gorkal-40\/#breadcrumb\"},\"inLanguage\":\"en-US\",\"potentialAction\":[{\"@type\":\"ReadAction\",\"target\":[\"https:\/\/aktivators-sals.lv\/en\/shop\/lv-ugunsdross-cements-gorkal-40\/\"]}]},{\"@type\":\"BreadcrumbList\",\"@id\":\"https:\/\/aktivators-sals.lv\/en\/shop\/lv-ugunsdross-cements-gorkal-40\/#breadcrumb\",\"itemListElement\":[{\"@type\":\"ListItem\",\"position\":1,\"name\":\"Home\",\"item\":\"https:\/\/aktivators-sals.lv\/\"},{\"@type\":\"ListItem\",\"position\":2,\"name\":\"Katalogs\",\"item\":\"https:\/\/aktivators-sals.lv\/katalogs\/\"},{\"@type\":\"ListItem\",\"position\":3,\"name\":\"High alumina cement G\u00d3RKAL 70\"}]},{\"@type\":\"WebSite\",\"@id\":\"https:\/\/aktivators-sals.lv\/#website\",\"url\":\"https:\/\/aktivators-sals.lv\/\",\"name\":\"(LV) Aktivators.lv\",\"description\":\"Tehniskais s\u0101ls\",\"publisher\":{\"@id\":\"https:\/\/aktivators-sals.lv\/#organization\"},\"potentialAction\":[{\"@type\":\"SearchAction\",\"target\":{\"@type\":\"EntryPoint\",\"urlTemplate\":\"https:\/\/aktivators-sals.lv\/?s={search_term_string}\"},\"query-input\":\"required name=search_term_string\"}],\"inLanguage\":\"en-US\"},{\"@type\":\"Organization\",\"@id\":\"https:\/\/aktivators-sals.lv\/#organization\",\"name\":\"(LV) Aktivators.lv\",\"url\":\"https:\/\/aktivators-sals.lv\/\",\"logo\":{\"@type\":\"ImageObject\",\"inLanguage\":\"en-US\",\"@id\":\"https:\/\/aktivators-sals.lv\/#\/schema\/logo\/image\/\",\"url\":\"https:\/\/aktivators-sals.lv\/wp-content\/uploads\/2022\/04\/logo.png\",\"contentUrl\":\"https:\/\/aktivators-sals.lv\/wp-content\/uploads\/2022\/04\/logo.png\",\"width\":193,\"height\":57,\"caption\":\"(LV) Aktivators.lv\"},\"image\":{\"@id\":\"https:\/\/aktivators-sals.lv\/#\/schema\/logo\/image\/\"}}]}<\/script>\n<!-- \/ Yoast SEO plugin. -->","yoast_head_json":{"title":"[:lv]Alum\u012bnija cements GORKAL 70[:ru]\u0412\u044b\u0441\u043e\u043a\u043e\u0433\u043b\u0438\u043d\u043e\u0437\u0435\u043c\u0438\u0441\u0442\u044b\u0439 \u0446\u0435\u043c\u0435\u043d\u0442 G\u00d3RKAL 70[:en]High alumina cement G\u00d3RKAL 70[:] - (LV) Aktivators.lv","robots":{"index":"index","follow":"follow","max-snippet":"max-snippet:-1","max-image-preview":"max-image-preview:large","max-video-preview":"max-video-preview:-1"},"canonical":"https:\/\/aktivators-sals.lv\/en\/shop\/lv-ugunsdross-cements-gorkal-40\/","og_locale":"en_US","og_type":"article","og_title":"[:lv]Alum\u012bnija cements GORKAL 70[:ru]\u0412\u044b\u0441\u043e\u043a\u043e\u0433\u043b\u0438\u043d\u043e\u0437\u0435\u043c\u0438\u0441\u0442\u044b\u0439 \u0446\u0435\u043c\u0435\u043d\u0442 G\u00d3RKAL 70[:en]High alumina cement G\u00d3RKAL 70[:] - (LV) Aktivators.lv","og_description":"[:lv]Ugunsdro\u0161s cements Gorkal[:]","og_url":"https:\/\/aktivators-sals.lv\/en\/shop\/lv-ugunsdross-cements-gorkal-40\/","og_site_name":"(LV) Aktivators.lv","article_modified_time":"2023-07-28T10:44:31+00:00","og_image":[{"width":500,"height":500,"url":"https:\/\/aktivators-sals.lv\/wp-content\/uploads\/2023\/07\/g70.jpg","type":"image\/jpeg"}],"twitter_card":"summary_large_image","twitter_misc":{"Est. reading time":"2 minutes"},"schema":{"@context":"https:\/\/schema.org","@graph":[{"@type":"WebPage","@id":"https:\/\/aktivators-sals.lv\/en\/shop\/lv-ugunsdross-cements-gorkal-40\/","url":"https:\/\/aktivators-sals.lv\/en\/shop\/lv-ugunsdross-cements-gorkal-40\/","name":"[:lv]Alum\u012bnija cements GORKAL 70[:ru]\u0412\u044b\u0441\u043e\u043a\u043e\u0433\u043b\u0438\u043d\u043e\u0437\u0435\u043c\u0438\u0441\u0442\u044b\u0439 \u0446\u0435\u043c\u0435\u043d\u0442 G\u00d3RKAL 70[:en]High alumina cement G\u00d3RKAL 70[:] - (LV) Aktivators.lv","isPartOf":{"@id":"https:\/\/aktivators-sals.lv\/#website"},"datePublished":"2023-07-07T11:41:41+00:00","dateModified":"2023-07-28T10:44:31+00:00","breadcrumb":{"@id":"https:\/\/aktivators-sals.lv\/en\/shop\/lv-ugunsdross-cements-gorkal-40\/#breadcrumb"},"inLanguage":"en-US","potentialAction":[{"@type":"ReadAction","target":["https:\/\/aktivators-sals.lv\/en\/shop\/lv-ugunsdross-cements-gorkal-40\/"]}]},{"@type":"BreadcrumbList","@id":"https:\/\/aktivators-sals.lv\/en\/shop\/lv-ugunsdross-cements-gorkal-40\/#breadcrumb","itemListElement":[{"@type":"ListItem","position":1,"name":"Home","item":"https:\/\/aktivators-sals.lv\/"},{"@type":"ListItem","position":2,"name":"Katalogs","item":"https:\/\/aktivators-sals.lv\/katalogs\/"},{"@type":"ListItem","position":3,"name":"High alumina cement G\u00d3RKAL 70"}]},{"@type":"WebSite","@id":"https:\/\/aktivators-sals.lv\/#website","url":"https:\/\/aktivators-sals.lv\/","name":"(LV) Aktivators.lv","description":"Tehniskais s\u0101ls","publisher":{"@id":"https:\/\/aktivators-sals.lv\/#organization"},"potentialAction":[{"@type":"SearchAction","target":{"@type":"EntryPoint","urlTemplate":"https:\/\/aktivators-sals.lv\/?s={search_term_string}"},"query-input":"required name=search_term_string"}],"inLanguage":"en-US"},{"@type":"Organization","@id":"https:\/\/aktivators-sals.lv\/#organization","name":"(LV) Aktivators.lv","url":"https:\/\/aktivators-sals.lv\/","logo":{"@type":"ImageObject","inLanguage":"en-US","@id":"https:\/\/aktivators-sals.lv\/#\/schema\/logo\/image\/","url":"https:\/\/aktivators-sals.lv\/wp-content\/uploads\/2022\/04\/logo.png","contentUrl":"https:\/\/aktivators-sals.lv\/wp-content\/uploads\/2022\/04\/logo.png","width":193,"height":57,"caption":"(LV) Aktivators.lv"},"image":{"@id":"https:\/\/aktivators-sals.lv\/#\/schema\/logo\/image\/"}}]}},"acf":[],"_links":{"self":[{"href":"https:\/\/aktivators-sals.lv\/en\/wp-json\/wp\/v2\/product\/8850"}],"collection":[{"href":"https:\/\/aktivators-sals.lv\/en\/wp-json\/wp\/v2\/product"}],"about":[{"href":"https:\/\/aktivators-sals.lv\/en\/wp-json\/wp\/v2\/types\/product"}],"wp:featuredmedia":[{"embeddable":true,"href":"https:\/\/aktivators-sals.lv\/en\/wp-json\/wp\/v2\/media\/8901"}],"wp:attachment":[{"href":"https:\/\/aktivators-sals.lv\/en\/wp-json\/wp\/v2\/media?parent=8850"}],"wp:term":[{"taxonomy":"product_cat","embeddable":true,"href":"https:\/\/aktivators-sals.lv\/en\/wp-json\/wp\/v2\/product_cat?post=8850"},{"taxonomy":"product_tag","embeddable":true,"href":"https:\/\/aktivators-sals.lv\/en\/wp-json\/wp\/v2\/product_tag?post=8850"}],"curies":[{"name":"wp","href":"https:\/\/api.w.org\/{rel}","templated":true}]}}