{"id":8739,"date":"2023-07-27T08:31:54","date_gmt":"2023-07-27T08:31:54","guid":{"rendered":"https:\/\/aktivators-sals.lv\/lv\/?post_type=product&#038;p=8739"},"modified":"2023-08-03T07:09:47","modified_gmt":"2023-08-03T07:09:47","slug":"sals-smilts-maisijums","status":"publish","type":"product","link":"https:\/\/aktivators-sals.lv\/ru\/shop\/svecha-iz-soevogo-voska-s-hlopkovym-fitilem-200-ml-7oz-s-aromatom-limona-i-ilang-ilinga-2\/","title":{"rendered":"\u0421\u043c\u0435\u0441\u044c \u043f\u0435\u0441\u043a\u0430 \u0438 \u0441\u043e\u043b\u0438"},"content":{"rendered":"<p>\u041f\u0440\u0435\u0434\u0441\u0442\u0430\u0432\u043b\u044f\u0435\u0442 \u0441\u043e\u0431\u043e\u0439 \u043c\u0435\u0445\u0430\u043d\u0438\u0447\u0435\u0441\u043a\u0438 \u043f\u0435\u0440\u0435\u043c\u0435\u0448\u0430\u043d\u043d\u0443\u044e \u0441\u043c\u0435\u0441\u044c \u0442\u0435\u0445\u043d\u0438\u0447\u0435\u0441\u043a\u043e\u0439 \u0441\u043e\u043b\u0438 (NaCl) 20% \u0438 \u043c\u044b\u0442\u043e\u0433\u043e \u043f\u0435\u0441\u043a\u0430 \u0444\u0440\u0430\u043a\u0446\u0438\u0438 0\/4\u043c\u043c 80%.\u00a0\u0421\u043e\u043e\u0442\u043d\u043e\u0448\u0435\u043d\u0438\u0435 \u043f\u043e\u0434\u043e\u0431\u0440\u0430\u043d\u043e \u043e\u043f\u0442\u0438\u043c\u0430\u043b\u044c\u043d\u043e, \u0447\u0442\u043e\u0431\u044b \u043f\u0435\u0441\u043e\u043a \u043d\u0435 \u0437\u0430\u043c\u0435\u0440\u0437\u0430\u043b \u043f\u0440\u0438 \u0445\u0440\u0430\u043d\u0435\u043d\u0438\u0438, \u0430 \u0441\u043e\u043b\u044c \u043d\u0430\u043d\u043e\u0441\u0438\u043b\u0430 \u043d\u0430\u0438\u043c\u0435\u043d\u044c\u0448\u0438\u0439 \u0432\u0440\u0435\u0434 \u0434\u043e\u0440\u043e\u0436\u043d\u043e\u043c\u0443 \u043f\u043e\u043a\u0440\u044b\u0442\u0438\u044e \u0434\u043e\u0440\u043e\u0436\u0435\u043a, \u0434\u043e\u0440\u043e\u0433 \u0438 \u043e\u0431\u0443\u0432\u0438.<\/p>\n<p><strong>\u041f<\/strong><strong>\u0435\u0441\u043a\u043e\u0441\u043e\u043b\u044c<\/strong>\u00a0\u0443\u0436\u0435 \u043c\u043d\u043e\u0433\u043e \u0434\u0435\u0441\u044f\u0442\u0438\u043b\u0435\u0442\u0438\u0439 \u0438\u0441\u043f\u043e\u043b\u044c\u0437\u0443\u0435\u0442\u0441\u044f \u0434\u043b\u044f \u043f\u043e\u0441\u044b\u043f\u043a\u0438 \u0434\u043e\u0440\u043e\u0433 \u0438 \u0442\u0440\u043e\u0442\u0443\u0430\u0440\u043e\u0432,\u00a0 \u0434\u043b\u044f \u043e\u0431\u0435\u0441\u043f\u0435\u0447\u0435\u043d\u0438\u044f \u0431\u0435\u0437\u043e\u043f\u0430\u0441\u043d\u043e\u0441\u0442\u0438 \u0434\u0432\u0438\u0436\u0435\u043d\u0438\u044f \u0432 \u0437\u0438\u043c\u043d\u0438\u0439 \u043f\u0435\u0440\u0438\u043e\u0434. \u00a0\u041e\u043d\u0430 \u043e\u0442\u043b\u0438\u0447\u043d\u043e \u0440\u0430\u0437\u0440\u0443\u0448\u0430\u0435\u0442 \u0433\u043e\u043b\u043e\u043b\u0435\u0434, \u043f\u0440\u0435\u0432\u0440\u0430\u0449\u0430\u044f \u0435\u0433\u043e \u0432 \u0441\u043d\u0435\u0436\u043d\u0443\u044e \u043a\u0430\u0448\u0443 \u0441\u043e\u0445\u0440\u0430\u043d\u044f\u044f \u043f\u043b\u0430\u0432\u044f\u0449\u0443\u044e \u0441\u043f\u043e\u0441\u043e\u0431\u043d\u043e\u0441\u0442\u044c \u0434\u043e -12\u0421<\/p>\n<p>\u0421\u043c\u0435\u0441\u044c \u043e\u0431\u0435\u0441\u043f\u0435\u0447\u0438\u0432\u0430\u0435\u0442 \u043b\u0443\u0447\u0448\u0435\u0435 \u0441\u0446\u0435\u043f\u043b\u0435\u043d\u0438\u0435 \u0441 \u043f\u043e\u0432\u0435\u0440\u0445\u043d\u043e\u0441\u0442\u044c\u044e \u043f\u0440\u0438 \u0434\u0432\u0438\u0436\u0435\u043d\u0438\u0438 \u0438\u043b\u0438 \u0445\u043e\u0434\u044c\u0431\u0435, \u0430 \u0442\u0430\u043a\u0436\u0435 \u0441\u043f\u043e\u0441\u043e\u0431\u0441\u0442\u0432\u0443\u0435\u0442 \u0431\u043e\u043b\u0435\u0435 \u0431\u044b\u0441\u0442\u0440\u043e\u043c\u0443 \u0442\u0430\u044f\u043d\u0438\u044e \u0441\u043d\u0435\u0433\u0430 \u0438 \u043b\u044c\u0434\u0430.<\/p>\n<p><strong>\u0423\u043f\u0430\u043a\u043e\u0432\u043a\u0430:<\/strong><\/p>\n<ul>\n<li>\u041c\u0435\u0448\u043a\u0438 25 \u043a\u0433<\/li>\n<li>\u041c\u0435\u0448\u043a\u0438 50 \u043a\u0433<\/li>\n<li>\u0411\u0438\u0433-\u0431\u044d\u0433\u0438 1000 \u043a\u0433<\/li>\n<\/ul>\n<p><strong>\u0423\u0441\u043b\u043e\u0432\u0438\u044f \u0445\u0440\u0430\u043d\u0435\u043d\u0438\u044f:<\/strong><\/p>\n<p>\u0425\u0440\u0430\u043d\u0438\u0442\u044c \u0432 \u043d\u0435\u043f\u043e\u0432\u0440\u0435\u0436\u0434\u0435\u043d\u043d\u043e\u0439 \u0443\u043f\u0430\u043a\u043e\u0432\u043a\u0435, \u0432 \u0441\u0443\u0445\u043e\u043c, \u043f\u0440\u043e\u0445\u043b\u0430\u0434\u043d\u043e\u043c \u043f\u043e\u043c\u0435\u0449\u0435\u043d\u0438\u0438.<\/p>\n<p>\u041f\u0440\u0438 \u043e\u043f\u0440\u044b\u0441\u043a\u0438\u0432\u0430\u043d\u0438\u0438 \u0440\u0443\u043a\u0430\u043c\u0438 \u0438\u0441\u043f\u043e\u043b\u044c\u0437\u0443\u0439\u0442\u0435 \u0441\u0440\u0435\u0434\u0441\u0442\u0432\u0430 \u0437\u0430\u0449\u0438\u0442\u044b \u0440\u0443\u043a \u2013 \u043f\u0435\u0440\u0447\u0430\u0442\u043a\u0438.<\/p>\n<div id=\"gtx-trans\" style=\"position: absolute; left: -90px; top: 47.6667px;\">\n<div class=\"gtx-trans-icon\"><\/div>\n<\/div>\n<p><\/p>","protected":false},"excerpt":{"rendered":"<p>100 % eco soy wax, cotton wick, wild flowers, essential oils, parfum. Handmade.<\/p>\n","protected":false},"featured_media":8885,"template":"","meta":[],"product_cat":[20],"product_tag":[],"yoast_head":"<!-- This site is optimized with the Yoast SEO plugin v20.8 - https:\/\/yoast.com\/wordpress\/plugins\/seo\/ -->\n<title>\u0421\u043c\u0435\u0441\u044c \u043f\u0435\u0441\u043a\u0430 \u0438 \u0441\u043e\u043b\u0438 - aktivators-sals.lv<\/title>\n<meta name=\"robots\" content=\"index, follow, max-snippet:-1, max-image-preview:large, max-video-preview:-1\" \/>\n<link rel=\"canonical\" href=\"https:\/\/aktivators-sals.lv\/ru\/shop\/svecha-iz-soevogo-voska-s-hlopkovym-fitilem-200-ml-7oz-s-aromatom-limona-i-ilang-ilinga-2\/\" \/>\n<meta property=\"og:locale\" content=\"ru_RU\" \/>\n<meta property=\"og:type\" content=\"article\" \/>\n<meta property=\"og:title\" content=\"[:lv]Smil\u0161u un s\u0101ls mais\u012bjums[:ru]\u0421\u043c\u0435\u0441\u044c \u043f\u0435\u0441\u043a\u0430 \u0438 \u0441\u043e\u043b\u0438[:en]Sand-Salt Mixture[:] - aktivators-sals.lv\" \/>\n<meta property=\"og:description\" content=\"[:lv]S\u0101ls smilts mais\u012bjums[:ru]100 % eco soy wax, cotton wick, wild flowers, essential oils, parfum. Handmade.[:en]100 % eco soy wax, cotton wick, wild flowers, essential oils, parfum. Handmade.[:de]100 % eco soy wax, cotton wick, wild flowers, essential oils, parfum. Handmade.[:]\" \/>\n<meta property=\"og:url\" content=\"https:\/\/aktivators-sals.lv\/ru\/shop\/svecha-iz-soevogo-voska-s-hlopkovym-fitilem-200-ml-7oz-s-aromatom-limona-i-ilang-ilinga-2\/\" \/>\n<meta property=\"og:site_name\" content=\"aktivators-sals.lv\" \/>\n<meta property=\"article:modified_time\" content=\"2023-08-03T07:09:47+00:00\" \/>\n<meta property=\"og:image\" content=\"https:\/\/aktivators-sals.lv\/wp-content\/uploads\/2023\/07\/1.jpeg\" \/>\n\t<meta property=\"og:image:width\" content=\"1024\" \/>\n\t<meta property=\"og:image:height\" content=\"768\" \/>\n\t<meta property=\"og:image:type\" content=\"image\/jpeg\" \/>\n<meta name=\"twitter:card\" content=\"summary_large_image\" \/>\n<meta name=\"twitter:label1\" content=\"\u041f\u0440\u0438\u043c\u0435\u0440\u043d\u043e\u0435 \u0432\u0440\u0435\u043c\u044f \u0434\u043b\u044f \u0447\u0442\u0435\u043d\u0438\u044f\" \/>\n\t<meta name=\"twitter:data1\" content=\"1 \u043c\u0438\u043d\u0443\u0442\u0430\" \/>\n<script type=\"application\/ld+json\" class=\"yoast-schema-graph\">{\"@context\":\"https:\/\/schema.org\",\"@graph\":[{\"@type\":\"WebPage\",\"@id\":\"https:\/\/aktivators-sals.lv\/ru\/shop\/svecha-iz-soevogo-voska-s-hlopkovym-fitilem-200-ml-7oz-s-aromatom-limona-i-ilang-ilinga-2\/\",\"url\":\"https:\/\/aktivators-sals.lv\/ru\/shop\/svecha-iz-soevogo-voska-s-hlopkovym-fitilem-200-ml-7oz-s-aromatom-limona-i-ilang-ilinga-2\/\",\"name\":\"[:lv]Smil\u0161u un s\u0101ls mais\u012bjums[:ru]\u0421\u043c\u0435\u0441\u044c \u043f\u0435\u0441\u043a\u0430 \u0438 \u0441\u043e\u043b\u0438[:en]Sand-Salt Mixture[:] - aktivators-sals.lv\",\"isPartOf\":{\"@id\":\"https:\/\/aktivators-sals.lv\/#website\"},\"datePublished\":\"2023-07-27T08:31:54+00:00\",\"dateModified\":\"2023-08-03T07:09:47+00:00\",\"breadcrumb\":{\"@id\":\"https:\/\/aktivators-sals.lv\/ru\/shop\/svecha-iz-soevogo-voska-s-hlopkovym-fitilem-200-ml-7oz-s-aromatom-limona-i-ilang-ilinga-2\/#breadcrumb\"},\"inLanguage\":\"ru-RU\",\"potentialAction\":[{\"@type\":\"ReadAction\",\"target\":[\"https:\/\/aktivators-sals.lv\/ru\/shop\/svecha-iz-soevogo-voska-s-hlopkovym-fitilem-200-ml-7oz-s-aromatom-limona-i-ilang-ilinga-2\/\"]}]},{\"@type\":\"BreadcrumbList\",\"@id\":\"https:\/\/aktivators-sals.lv\/ru\/shop\/svecha-iz-soevogo-voska-s-hlopkovym-fitilem-200-ml-7oz-s-aromatom-limona-i-ilang-ilinga-2\/#breadcrumb\",\"itemListElement\":[{\"@type\":\"ListItem\",\"position\":1,\"name\":\"Home\",\"item\":\"https:\/\/aktivators-sals.lv\/\"},{\"@type\":\"ListItem\",\"position\":2,\"name\":\"Katalogs\",\"item\":\"https:\/\/aktivators-sals.lv\/katalogs\/\"},{\"@type\":\"ListItem\",\"position\":3,\"name\":\"\u0421\u043c\u0435\u0441\u044c \u043f\u0435\u0441\u043a\u0430 \u0438 \u0441\u043e\u043b\u0438\"}]},{\"@type\":\"WebSite\",\"@id\":\"https:\/\/aktivators-sals.lv\/#website\",\"url\":\"https:\/\/aktivators-sals.lv\/\",\"name\":\"aktivators-sals.lv\",\"description\":\"Tehniskais s\u0101ls\",\"publisher\":{\"@id\":\"https:\/\/aktivators-sals.lv\/#organization\"},\"potentialAction\":[{\"@type\":\"SearchAction\",\"target\":{\"@type\":\"EntryPoint\",\"urlTemplate\":\"https:\/\/aktivators-sals.lv\/?s={search_term_string}\"},\"query-input\":\"required name=search_term_string\"}],\"inLanguage\":\"ru-RU\"},{\"@type\":\"Organization\",\"@id\":\"https:\/\/aktivators-sals.lv\/#organization\",\"name\":\"aktivators-sals.lv\",\"url\":\"https:\/\/aktivators-sals.lv\/\",\"logo\":{\"@type\":\"ImageObject\",\"inLanguage\":\"ru-RU\",\"@id\":\"https:\/\/aktivators-sals.lv\/#\/schema\/logo\/image\/\",\"url\":\"https:\/\/aktivators-sals.lv\/wp-content\/uploads\/2022\/04\/logo.png\",\"contentUrl\":\"https:\/\/aktivators-sals.lv\/wp-content\/uploads\/2022\/04\/logo.png\",\"width\":193,\"height\":57,\"caption\":\"aktivators-sals.lv\"},\"image\":{\"@id\":\"https:\/\/aktivators-sals.lv\/#\/schema\/logo\/image\/\"}}]}<\/script>\n<!-- \/ Yoast SEO plugin. -->","yoast_head_json":{"title":"[:lv]Smil\u0161u un s\u0101ls mais\u012bjums[:ru]\u0421\u043c\u0435\u0441\u044c \u043f\u0435\u0441\u043a\u0430 \u0438 \u0441\u043e\u043b\u0438[:en]Sand-Salt Mixture[:] - aktivators-sals.lv","robots":{"index":"index","follow":"follow","max-snippet":"max-snippet:-1","max-image-preview":"max-image-preview:large","max-video-preview":"max-video-preview:-1"},"canonical":"https:\/\/aktivators-sals.lv\/ru\/shop\/svecha-iz-soevogo-voska-s-hlopkovym-fitilem-200-ml-7oz-s-aromatom-limona-i-ilang-ilinga-2\/","og_locale":"ru_RU","og_type":"article","og_title":"[:lv]Smil\u0161u un s\u0101ls mais\u012bjums[:ru]\u0421\u043c\u0435\u0441\u044c \u043f\u0435\u0441\u043a\u0430 \u0438 \u0441\u043e\u043b\u0438[:en]Sand-Salt Mixture[:] - aktivators-sals.lv","og_description":"[:lv]S\u0101ls smilts mais\u012bjums[:ru]100 % eco soy wax, cotton wick, wild flowers, essential oils, parfum. Handmade.[:en]100 % eco soy wax, cotton wick, wild flowers, essential oils, parfum. Handmade.[:de]100 % eco soy wax, cotton wick, wild flowers, essential oils, parfum. Handmade.[:]","og_url":"https:\/\/aktivators-sals.lv\/ru\/shop\/svecha-iz-soevogo-voska-s-hlopkovym-fitilem-200-ml-7oz-s-aromatom-limona-i-ilang-ilinga-2\/","og_site_name":"aktivators-sals.lv","article_modified_time":"2023-08-03T07:09:47+00:00","og_image":[{"width":1024,"height":768,"url":"https:\/\/aktivators-sals.lv\/wp-content\/uploads\/2023\/07\/1.jpeg","type":"image\/jpeg"}],"twitter_card":"summary_large_image","twitter_misc":{"\u041f\u0440\u0438\u043c\u0435\u0440\u043d\u043e\u0435 \u0432\u0440\u0435\u043c\u044f \u0434\u043b\u044f \u0447\u0442\u0435\u043d\u0438\u044f":"1 \u043c\u0438\u043d\u0443\u0442\u0430"},"schema":{"@context":"https:\/\/schema.org","@graph":[{"@type":"WebPage","@id":"https:\/\/aktivators-sals.lv\/ru\/shop\/svecha-iz-soevogo-voska-s-hlopkovym-fitilem-200-ml-7oz-s-aromatom-limona-i-ilang-ilinga-2\/","url":"https:\/\/aktivators-sals.lv\/ru\/shop\/svecha-iz-soevogo-voska-s-hlopkovym-fitilem-200-ml-7oz-s-aromatom-limona-i-ilang-ilinga-2\/","name":"[:lv]Smil\u0161u un s\u0101ls mais\u012bjums[:ru]\u0421\u043c\u0435\u0441\u044c \u043f\u0435\u0441\u043a\u0430 \u0438 \u0441\u043e\u043b\u0438[:en]Sand-Salt Mixture[:] - aktivators-sals.lv","isPartOf":{"@id":"https:\/\/aktivators-sals.lv\/#website"},"datePublished":"2023-07-27T08:31:54+00:00","dateModified":"2023-08-03T07:09:47+00:00","breadcrumb":{"@id":"https:\/\/aktivators-sals.lv\/ru\/shop\/svecha-iz-soevogo-voska-s-hlopkovym-fitilem-200-ml-7oz-s-aromatom-limona-i-ilang-ilinga-2\/#breadcrumb"},"inLanguage":"ru-RU","potentialAction":[{"@type":"ReadAction","target":["https:\/\/aktivators-sals.lv\/ru\/shop\/svecha-iz-soevogo-voska-s-hlopkovym-fitilem-200-ml-7oz-s-aromatom-limona-i-ilang-ilinga-2\/"]}]},{"@type":"BreadcrumbList","@id":"https:\/\/aktivators-sals.lv\/ru\/shop\/svecha-iz-soevogo-voska-s-hlopkovym-fitilem-200-ml-7oz-s-aromatom-limona-i-ilang-ilinga-2\/#breadcrumb","itemListElement":[{"@type":"ListItem","position":1,"name":"Home","item":"https:\/\/aktivators-sals.lv\/"},{"@type":"ListItem","position":2,"name":"Katalogs","item":"https:\/\/aktivators-sals.lv\/katalogs\/"},{"@type":"ListItem","position":3,"name":"\u0421\u043c\u0435\u0441\u044c \u043f\u0435\u0441\u043a\u0430 \u0438 \u0441\u043e\u043b\u0438"}]},{"@type":"WebSite","@id":"https:\/\/aktivators-sals.lv\/#website","url":"https:\/\/aktivators-sals.lv\/","name":"aktivators-sals.lv","description":"Tehniskais s\u0101ls","publisher":{"@id":"https:\/\/aktivators-sals.lv\/#organization"},"potentialAction":[{"@type":"SearchAction","target":{"@type":"EntryPoint","urlTemplate":"https:\/\/aktivators-sals.lv\/?s={search_term_string}"},"query-input":"required name=search_term_string"}],"inLanguage":"ru-RU"},{"@type":"Organization","@id":"https:\/\/aktivators-sals.lv\/#organization","name":"aktivators-sals.lv","url":"https:\/\/aktivators-sals.lv\/","logo":{"@type":"ImageObject","inLanguage":"ru-RU","@id":"https:\/\/aktivators-sals.lv\/#\/schema\/logo\/image\/","url":"https:\/\/aktivators-sals.lv\/wp-content\/uploads\/2022\/04\/logo.png","contentUrl":"https:\/\/aktivators-sals.lv\/wp-content\/uploads\/2022\/04\/logo.png","width":193,"height":57,"caption":"aktivators-sals.lv"},"image":{"@id":"https:\/\/aktivators-sals.lv\/#\/schema\/logo\/image\/"}}]}},"acf":[],"_links":{"self":[{"href":"https:\/\/aktivators-sals.lv\/ru\/wp-json\/wp\/v2\/product\/8739"}],"collection":[{"href":"https:\/\/aktivators-sals.lv\/ru\/wp-json\/wp\/v2\/product"}],"about":[{"href":"https:\/\/aktivators-sals.lv\/ru\/wp-json\/wp\/v2\/types\/product"}],"wp:featuredmedia":[{"embeddable":true,"href":"https:\/\/aktivators-sals.lv\/ru\/wp-json\/wp\/v2\/media\/8885"}],"wp:attachment":[{"href":"https:\/\/aktivators-sals.lv\/ru\/wp-json\/wp\/v2\/media?parent=8739"}],"wp:term":[{"taxonomy":"product_cat","embeddable":true,"href":"https:\/\/aktivators-sals.lv\/ru\/wp-json\/wp\/v2\/product_cat?post=8739"},{"taxonomy":"product_tag","embeddable":true,"href":"https:\/\/aktivators-sals.lv\/ru\/wp-json\/wp\/v2\/product_tag?post=8739"}],"curies":[{"name":"wp","href":"https:\/\/api.w.org\/{rel}","templated":true}]}}