{"id":8839,"date":"2023-07-17T02:31:35","date_gmt":"2023-07-17T02:31:35","guid":{"rendered":"https:\/\/aktivators-sals.lv\/lv\/?post_type=product&#038;p=8839"},"modified":"2023-07-28T10:50:45","modified_gmt":"2023-07-28T10:50:45","slug":"skidrais-natrija-hidroksids-46-47","status":"publish","type":"product","link":"https:\/\/aktivators-sals.lv\/ru\/shop\/natr-edkij-zhidkij\/","title":{"rendered":"\u041d\u0430\u0442\u0440 \u0435\u0434\u043a\u0438\u0439 \u0436\u0438\u0434\u043a\u0438\u0439"},"content":{"rendered":"<p><strong>\u041d\u0430\u0442\u0440<\/strong> <strong>\u0435\u0434\u043a\u0438\u0439 \u0436\u0438\u0434\u043a\u0438\u0439 <\/strong>\u00a046-47% \u00a0(\u0433\u0438\u0434\u0440\u043e\u043e\u043a\u0441\u0438\u0434 \u043d\u0430\u0442\u0440\u0438\u044f, \u0436\u0438\u0434\u043a\u0430\u044f \u0441\u043e\u0434\u0430 \u043a\u0430\u0443\u0441\u0442\u0438\u0447\u0435\u0441\u043a\u0430\u044f) NaOH- \u044d\u0442\u043e \u0436\u0438\u0434\u043a\u043e\u0441\u0442\u044c \u0431\u0435\u0441\u0446\u0432\u0435\u0442\u043d\u0430\u044f \u0438\u043b\u0438 \u043e\u043a\u0440\u0430\u0448\u0435\u043d\u043d\u0430\u044f, \u0435\u0434\u043a\u043e\u0435 \u0432\u0435\u0449\u0435\u0441\u0442\u0432\u043e (\u0449\u0435\u043b\u043e\u0447\u044c).<\/p>\n<p>\u041f\u0440\u0438\u043c\u0435\u043d\u044f\u0435\u0442\u0441\u044f \u0432 \u0445\u0438\u043c\u0438\u0447\u0435\u0441\u043a\u043e\u0439 \u043f\u0440\u043e\u043c\u044b\u0448\u043b\u0435\u043d\u043d\u043e\u0441\u0442\u0438 \u0434\u043b\u044f \u0438\u0437\u0433\u043e\u0442\u043e\u0432\u043b\u0435\u043d\u0438\u044f \u043a\u0440\u0430\u0441\u0438\u0442\u0435\u043b\u0435\u0439 \u0438 \u0433\u043b\u0438\u0446\u0435\u0440\u0438\u043d\u0430, \u043f\u0440\u043e\u0438\u0437\u0432\u043e\u0434\u0441\u0442\u0432\u0430 \u043c\u043e\u044e\u0449\u0438\u0445 \u0438 \u0447\u0438\u0441\u0442\u044f\u0449\u0438\u0445 \u0441\u0440\u0435\u0434\u0441\u0442\u0432, \u043f\u043b\u0430\u0441\u0442\u043c\u0430\u0441\u0441, \u0442\u0435\u0445\u043d\u043e\u043b\u043e\u0433\u0438\u0447\u0435\u0441\u043a\u0438\u0445 \u0436\u0438\u0434\u043a\u043e\u0441\u0442\u0435\u0439, \u0431\u0438\u043e\u0442\u043e\u043f\u043b\u0438\u0432\u0430 \u0438 \u043c\u0430\u0441\u0435\u043b, \u043d\u0435\u0439\u0442\u0440\u0430\u043b\u0438\u0437\u0430\u0446\u0438\u0438 \u043a\u0438\u0441\u043b\u043e\u0442, \u043f\u0440\u043e\u0446\u0435\u0441\u0441\u043e\u0432 \u043e\u0440\u0433\u0430\u043d\u0438\u0447\u0435\u0441\u043a\u043e\u0433\u043e \u0441\u0438\u043d\u0442\u0435\u0437\u0430 \u0438\u00a0 \u0442\u0434.<\/p>\n<p>\u0412 \u0442\u0435\u043a\u0441\u0442\u0438\u043b\u044c\u043d\u043e\u0439 \u043f\u0440\u043e\u043c\u044b\u0448\u043b\u0435\u043d\u043d\u043e\u0441\u0442\u0438 NaOH \u0438\u0441\u043f\u043e\u043b\u044c\u0437\u0443\u044e\u0442 \u00a0\u0434\u043b\u044f \u043e\u0442\u0431\u0435\u043b\u0438\u0432\u0430\u043d\u0438\u044f \u043d\u0430\u0442\u0443\u0440\u0430\u043b\u044c\u043d\u044b\u0445 \u0442\u043a\u0430\u043d\u0435\u0439 \u0438 \u0432 \u043f\u0440\u043e\u0446\u0435\u0441\u0441\u0435 \u0438\u0437\u0433\u043e\u0442\u043e\u0432\u043b\u0435\u043d\u0438\u044f \u0448\u0435\u043b\u043a\u0430.<\/p>\n<p>\u0412 \u043a\u043e\u0441\u043c\u0435\u0442\u0438\u0447\u0435\u0441\u043a\u043e\u0439 \u043f\u0440\u043e\u043c\u044b\u0448\u043b\u0435\u043d\u043d\u043e\u0441\u0442\u0438\u00a0 \u0434\u043b\u044f \u0438\u0437\u0433\u043e\u0442\u043e\u0432\u043b\u0435\u043d\u0438\u044f \u0448\u0430\u043c\u043f\u0443\u043d\u0435\u0439, \u043c\u044b\u043b\u0430 \u0438 \u0434\u0440\u0443\u0433\u0438\u0445 \u043a\u043e\u0441\u043c\u0435\u0442\u0438\u0447\u0435\u0441\u043a\u0438\u0445 \u0441\u0440\u0435\u0434\u0441\u0442\u0432<\/p>\n<p><strong>\u0423\u043f\u0430\u043a\u043e\u0432\u043a\u0430:<\/strong><\/p>\n<p>\u0420\u0430\u0441\u0442\u0432\u043e\u0440 \u0437\u0430\u043b\u0438\u0432\u0430\u044e\u0442 \u0432 \u0436\u0435\u043b\u0435\u0437\u043d\u043e\u0434\u043e\u0440\u043e\u0436\u043d\u044b\u0435 \u0446\u0438\u0441\u0442\u0435\u0440\u043d\u044b, \u043a\u043e\u043d\u0442\u0435\u0439\u043d\u0435\u0440\u044b<\/p>","protected":false},"excerpt":{"rendered":"<p>\u041d\u0430\u0442\u0440 \u0435\u0434\u043a\u0438\u0439 \u0436\u0438\u0434\u043a\u0438\u0439 \u00a046-47% \u00a0(\u0433\u0438\u0434\u0440\u043e\u043e\u043a\u0441\u0438\u0434 \u043d\u0430\u0442\u0440\u0438\u044f, \u0436\u0438\u0434\u043a\u0430\u044f \u0441\u043e\u0434\u0430 \u043a\u0430\u0443\u0441\u0442\u0438\u0447\u0435\u0441\u043a\u0430\u044f) NaOH- \u044d\u0442\u043e \u0436\u0438\u0434\u043a\u043e\u0441\u0442\u044c \u0431\u0435\u0441\u0446\u0432\u0435\u0442\u043d\u0430\u044f \u0438\u043b\u0438 \u043e\u043a\u0440\u0430\u0448\u0435\u043d\u043d\u0430\u044f, \u0435\u0434\u043a\u043e\u0435 \u0432\u0435\u0449\u0435\u0441\u0442\u0432\u043e (\u0449\u0435\u043b\u043e\u0447\u044c). \u041f\u0440\u0438\u043c\u0435\u043d\u044f\u0435\u0442\u0441\u044f \u0432 \u0445\u0438\u043c\u0438\u0447\u0435\u0441\u043a\u043e\u0439 \u043f\u0440\u043e\u043c\u044b\u0448\u043b\u0435\u043d\u043d\u043e\u0441\u0442\u0438 \u0434\u043b\u044f \u0438\u0437\u0433\u043e\u0442\u043e\u0432\u043b\u0435\u043d\u0438\u044f \u043a\u0440\u0430\u0441\u0438\u0442\u0435\u043b\u0435\u0439 \u0438 \u0433\u043b\u0438\u0446\u0435\u0440\u0438\u043d\u0430, \u043f\u0440\u043e\u0438\u0437\u0432\u043e\u0434\u0441\u0442\u0432\u0430 \u043c\u043e\u044e\u0449\u0438\u0445 \u0438 \u0447\u0438\u0441\u0442\u044f\u0449\u0438\u0445 \u0441\u0440\u0435\u0434\u0441\u0442\u0432, \u043f\u043b\u0430\u0441\u0442\u043c\u0430\u0441\u0441, \u0442\u0435\u0445\u043d\u043e\u043b\u043e\u0433\u0438\u0447\u0435\u0441\u043a\u0438\u0445 \u0436\u0438\u0434\u043a\u043e\u0441\u0442\u0435\u0439, \u0431\u0438\u043e\u0442\u043e\u043f\u043b\u0438\u0432\u0430 \u0438 \u043c\u0430\u0441\u0435\u043b, \u043d\u0435\u0439\u0442\u0440\u0430\u043b\u0438\u0437\u0430\u0446\u0438\u0438 \u043a\u0438\u0441\u043b\u043e\u0442, \u043f\u0440\u043e\u0446\u0435\u0441\u0441\u043e\u0432 \u043e\u0440\u0433\u0430\u043d\u0438\u0447\u0435\u0441\u043a\u043e\u0433\u043e \u0441\u0438\u043d\u0442\u0435\u0437\u0430 \u0438\u00a0 \u0442\u0434. \u0412 \u0442\u0435\u043a\u0441\u0442\u0438\u043b\u044c\u043d\u043e\u0439 \u043f\u0440\u043e\u043c\u044b\u0448\u043b\u0435\u043d\u043d\u043e\u0441\u0442\u0438 NaOH \u0438\u0441\u043f\u043e\u043b\u044c\u0437\u0443\u044e\u0442 \u00a0\u0434\u043b\u044f \u043e\u0442\u0431\u0435\u043b\u0438\u0432\u0430\u043d\u0438\u044f \u043d\u0430\u0442\u0443\u0440\u0430\u043b\u044c\u043d\u044b\u0445 \u0442\u043a\u0430\u043d\u0435\u0439 \u0438 [&hellip;]<\/p>\n","protected":false},"featured_media":8881,"template":"","meta":[],"product_cat":[124],"product_tag":[],"yoast_head":"<!-- This site is optimized with the Yoast SEO plugin v20.8 - https:\/\/yoast.com\/wordpress\/plugins\/seo\/ -->\n<title>\u041d\u0430\u0442\u0440 \u0435\u0434\u043a\u0438\u0439 \u0436\u0438\u0434\u043a\u0438\u0439 - aktivators-sals.lv<\/title>\n<meta name=\"robots\" content=\"index, follow, max-snippet:-1, max-image-preview:large, max-video-preview:-1\" \/>\n<link rel=\"canonical\" href=\"https:\/\/aktivators-sals.lv\/shop\/skidrais-natrija-hidroksids-46-47\/\" \/>\n<meta property=\"og:locale\" content=\"ru_RU\" \/>\n<meta property=\"og:type\" content=\"article\" \/>\n<meta property=\"og:title\" content=\"[:lv]Kaustisk\u0101 soda \u0161\u0137idra (\u0160\u0137idrais n\u0101trija hidroks\u012bds 46-47%)[:ru]\u041d\u0430\u0442\u0440 \u0435\u0434\u043a\u0438\u0439 \u0436\u0438\u0434\u043a\u0438\u0439[:en]Sodium hydroxide solution[:] - aktivators-sals.lv\" \/>\n<meta property=\"og:description\" content=\"\u041d\u0430\u0442\u0440 \u0435\u0434\u043a\u0438\u0439 \u0436\u0438\u0434\u043a\u0438\u0439 \u00a046-47% \u00a0(\u0433\u0438\u0434\u0440\u043e\u043e\u043a\u0441\u0438\u0434 \u043d\u0430\u0442\u0440\u0438\u044f, \u0436\u0438\u0434\u043a\u0430\u044f \u0441\u043e\u0434\u0430 \u043a\u0430\u0443\u0441\u0442\u0438\u0447\u0435\u0441\u043a\u0430\u044f) NaOH- \u044d\u0442\u043e \u0436\u0438\u0434\u043a\u043e\u0441\u0442\u044c \u0431\u0435\u0441\u0446\u0432\u0435\u0442\u043d\u0430\u044f \u0438\u043b\u0438 \u043e\u043a\u0440\u0430\u0448\u0435\u043d\u043d\u0430\u044f, \u0435\u0434\u043a\u043e\u0435 \u0432\u0435\u0449\u0435\u0441\u0442\u0432\u043e (\u0449\u0435\u043b\u043e\u0447\u044c). \u041f\u0440\u0438\u043c\u0435\u043d\u044f\u0435\u0442\u0441\u044f \u0432 \u0445\u0438\u043c\u0438\u0447\u0435\u0441\u043a\u043e\u0439 \u043f\u0440\u043e\u043c\u044b\u0448\u043b\u0435\u043d\u043d\u043e\u0441\u0442\u0438 \u0434\u043b\u044f \u0438\u0437\u0433\u043e\u0442\u043e\u0432\u043b\u0435\u043d\u0438\u044f \u043a\u0440\u0430\u0441\u0438\u0442\u0435\u043b\u0435\u0439 \u0438 \u0433\u043b\u0438\u0446\u0435\u0440\u0438\u043d\u0430, \u043f\u0440\u043e\u0438\u0437\u0432\u043e\u0434\u0441\u0442\u0432\u0430 \u043c\u043e\u044e\u0449\u0438\u0445 \u0438 \u0447\u0438\u0441\u0442\u044f\u0449\u0438\u0445 \u0441\u0440\u0435\u0434\u0441\u0442\u0432, \u043f\u043b\u0430\u0441\u0442\u043c\u0430\u0441\u0441, \u0442\u0435\u0445\u043d\u043e\u043b\u043e\u0433\u0438\u0447\u0435\u0441\u043a\u0438\u0445 \u0436\u0438\u0434\u043a\u043e\u0441\u0442\u0435\u0439, \u0431\u0438\u043e\u0442\u043e\u043f\u043b\u0438\u0432\u0430 \u0438 \u043c\u0430\u0441\u0435\u043b, \u043d\u0435\u0439\u0442\u0440\u0430\u043b\u0438\u0437\u0430\u0446\u0438\u0438 \u043a\u0438\u0441\u043b\u043e\u0442, \u043f\u0440\u043e\u0446\u0435\u0441\u0441\u043e\u0432 \u043e\u0440\u0433\u0430\u043d\u0438\u0447\u0435\u0441\u043a\u043e\u0433\u043e \u0441\u0438\u043d\u0442\u0435\u0437\u0430 \u0438\u00a0 \u0442\u0434. \u0412 \u0442\u0435\u043a\u0441\u0442\u0438\u043b\u044c\u043d\u043e\u0439 \u043f\u0440\u043e\u043c\u044b\u0448\u043b\u0435\u043d\u043d\u043e\u0441\u0442\u0438 NaOH \u0438\u0441\u043f\u043e\u043b\u044c\u0437\u0443\u044e\u0442 \u00a0\u0434\u043b\u044f \u043e\u0442\u0431\u0435\u043b\u0438\u0432\u0430\u043d\u0438\u044f \u043d\u0430\u0442\u0443\u0440\u0430\u043b\u044c\u043d\u044b\u0445 \u0442\u043a\u0430\u043d\u0435\u0439 \u0438 [&hellip;]\" \/>\n<meta property=\"og:url\" content=\"https:\/\/aktivators-sals.lv\/shop\/skidrais-natrija-hidroksids-46-47\/\" \/>\n<meta property=\"og:site_name\" content=\"aktivators-sals.lv\" \/>\n<meta property=\"article:modified_time\" content=\"2023-07-28T10:50:45+00:00\" \/>\n<meta property=\"og:image\" content=\"https:\/\/aktivators-sals.lv\/wp-content\/uploads\/2023\/07\/images.jpg\" \/>\n\t<meta property=\"og:image:width\" content=\"225\" \/>\n\t<meta property=\"og:image:height\" content=\"225\" \/>\n\t<meta property=\"og:image:type\" content=\"image\/jpeg\" \/>\n<meta name=\"twitter:card\" content=\"summary_large_image\" \/>\n<meta name=\"twitter:label1\" content=\"\u041f\u0440\u0438\u043c\u0435\u0440\u043d\u043e\u0435 \u0432\u0440\u0435\u043c\u044f \u0434\u043b\u044f \u0447\u0442\u0435\u043d\u0438\u044f\" \/>\n\t<meta name=\"twitter:data1\" content=\"1 \u043c\u0438\u043d\u0443\u0442\u0430\" \/>\n<script type=\"application\/ld+json\" class=\"yoast-schema-graph\">{\"@context\":\"https:\/\/schema.org\",\"@graph\":[{\"@type\":\"WebPage\",\"@id\":\"https:\/\/aktivators-sals.lv\/shop\/skidrais-natrija-hidroksids-46-47\/\",\"url\":\"https:\/\/aktivators-sals.lv\/shop\/skidrais-natrija-hidroksids-46-47\/\",\"name\":\"[:lv]Kaustisk\u0101 soda \u0161\u0137idra (\u0160\u0137idrais n\u0101trija hidroks\u012bds 46-47%)[:ru]\u041d\u0430\u0442\u0440 \u0435\u0434\u043a\u0438\u0439 \u0436\u0438\u0434\u043a\u0438\u0439[:en]Sodium hydroxide solution[:] - aktivators-sals.lv\",\"isPartOf\":{\"@id\":\"https:\/\/aktivators-sals.lv\/#website\"},\"datePublished\":\"2023-07-17T02:31:35+00:00\",\"dateModified\":\"2023-07-28T10:50:45+00:00\",\"breadcrumb\":{\"@id\":\"https:\/\/aktivators-sals.lv\/shop\/skidrais-natrija-hidroksids-46-47\/#breadcrumb\"},\"inLanguage\":\"ru-RU\",\"potentialAction\":[{\"@type\":\"ReadAction\",\"target\":[\"https:\/\/aktivators-sals.lv\/shop\/skidrais-natrija-hidroksids-46-47\/\"]}]},{\"@type\":\"BreadcrumbList\",\"@id\":\"https:\/\/aktivators-sals.lv\/shop\/skidrais-natrija-hidroksids-46-47\/#breadcrumb\",\"itemListElement\":[{\"@type\":\"ListItem\",\"position\":1,\"name\":\"Home\",\"item\":\"https:\/\/aktivators-sals.lv\/\"},{\"@type\":\"ListItem\",\"position\":2,\"name\":\"Katalogs\",\"item\":\"https:\/\/aktivators-sals.lv\/katalogs\/\"},{\"@type\":\"ListItem\",\"position\":3,\"name\":\"Kaustisk\u0101 soda \u0161\u0137idra (\u0160\u0137idrais n\u0101trija hidroks\u012bds 46-47%)\"}]},{\"@type\":\"WebSite\",\"@id\":\"https:\/\/aktivators-sals.lv\/#website\",\"url\":\"https:\/\/aktivators-sals.lv\/\",\"name\":\"aktivators-sals.lv\",\"description\":\"Tehniskais s\u0101ls\",\"publisher\":{\"@id\":\"https:\/\/aktivators-sals.lv\/#organization\"},\"potentialAction\":[{\"@type\":\"SearchAction\",\"target\":{\"@type\":\"EntryPoint\",\"urlTemplate\":\"https:\/\/aktivators-sals.lv\/?s={search_term_string}\"},\"query-input\":\"required name=search_term_string\"}],\"inLanguage\":\"ru-RU\"},{\"@type\":\"Organization\",\"@id\":\"https:\/\/aktivators-sals.lv\/#organization\",\"name\":\"aktivators-sals.lv\",\"url\":\"https:\/\/aktivators-sals.lv\/\",\"logo\":{\"@type\":\"ImageObject\",\"inLanguage\":\"ru-RU\",\"@id\":\"https:\/\/aktivators-sals.lv\/#\/schema\/logo\/image\/\",\"url\":\"https:\/\/aktivators-sals.lv\/wp-content\/uploads\/2022\/04\/logo.png\",\"contentUrl\":\"https:\/\/aktivators-sals.lv\/wp-content\/uploads\/2022\/04\/logo.png\",\"width\":193,\"height\":57,\"caption\":\"aktivators-sals.lv\"},\"image\":{\"@id\":\"https:\/\/aktivators-sals.lv\/#\/schema\/logo\/image\/\"}}]}<\/script>\n<!-- \/ Yoast SEO plugin. -->","yoast_head_json":{"title":"[:lv]Kaustisk\u0101 soda \u0161\u0137idra (\u0160\u0137idrais n\u0101trija hidroks\u012bds 46-47%)[:ru]\u041d\u0430\u0442\u0440 \u0435\u0434\u043a\u0438\u0439 \u0436\u0438\u0434\u043a\u0438\u0439[:en]Sodium hydroxide solution[:] - aktivators-sals.lv","robots":{"index":"index","follow":"follow","max-snippet":"max-snippet:-1","max-image-preview":"max-image-preview:large","max-video-preview":"max-video-preview:-1"},"canonical":"https:\/\/aktivators-sals.lv\/shop\/skidrais-natrija-hidroksids-46-47\/","og_locale":"ru_RU","og_type":"article","og_title":"[:lv]Kaustisk\u0101 soda \u0161\u0137idra (\u0160\u0137idrais n\u0101trija hidroks\u012bds 46-47%)[:ru]\u041d\u0430\u0442\u0440 \u0435\u0434\u043a\u0438\u0439 \u0436\u0438\u0434\u043a\u0438\u0439[:en]Sodium hydroxide solution[:] - aktivators-sals.lv","og_description":"\u041d\u0430\u0442\u0440 \u0435\u0434\u043a\u0438\u0439 \u0436\u0438\u0434\u043a\u0438\u0439 \u00a046-47% \u00a0(\u0433\u0438\u0434\u0440\u043e\u043e\u043a\u0441\u0438\u0434 \u043d\u0430\u0442\u0440\u0438\u044f, \u0436\u0438\u0434\u043a\u0430\u044f \u0441\u043e\u0434\u0430 \u043a\u0430\u0443\u0441\u0442\u0438\u0447\u0435\u0441\u043a\u0430\u044f) NaOH- \u044d\u0442\u043e \u0436\u0438\u0434\u043a\u043e\u0441\u0442\u044c \u0431\u0435\u0441\u0446\u0432\u0435\u0442\u043d\u0430\u044f \u0438\u043b\u0438 \u043e\u043a\u0440\u0430\u0448\u0435\u043d\u043d\u0430\u044f, \u0435\u0434\u043a\u043e\u0435 \u0432\u0435\u0449\u0435\u0441\u0442\u0432\u043e (\u0449\u0435\u043b\u043e\u0447\u044c). \u041f\u0440\u0438\u043c\u0435\u043d\u044f\u0435\u0442\u0441\u044f \u0432 \u0445\u0438\u043c\u0438\u0447\u0435\u0441\u043a\u043e\u0439 \u043f\u0440\u043e\u043c\u044b\u0448\u043b\u0435\u043d\u043d\u043e\u0441\u0442\u0438 \u0434\u043b\u044f \u0438\u0437\u0433\u043e\u0442\u043e\u0432\u043b\u0435\u043d\u0438\u044f \u043a\u0440\u0430\u0441\u0438\u0442\u0435\u043b\u0435\u0439 \u0438 \u0433\u043b\u0438\u0446\u0435\u0440\u0438\u043d\u0430, \u043f\u0440\u043e\u0438\u0437\u0432\u043e\u0434\u0441\u0442\u0432\u0430 \u043c\u043e\u044e\u0449\u0438\u0445 \u0438 \u0447\u0438\u0441\u0442\u044f\u0449\u0438\u0445 \u0441\u0440\u0435\u0434\u0441\u0442\u0432, \u043f\u043b\u0430\u0441\u0442\u043c\u0430\u0441\u0441, \u0442\u0435\u0445\u043d\u043e\u043b\u043e\u0433\u0438\u0447\u0435\u0441\u043a\u0438\u0445 \u0436\u0438\u0434\u043a\u043e\u0441\u0442\u0435\u0439, \u0431\u0438\u043e\u0442\u043e\u043f\u043b\u0438\u0432\u0430 \u0438 \u043c\u0430\u0441\u0435\u043b, \u043d\u0435\u0439\u0442\u0440\u0430\u043b\u0438\u0437\u0430\u0446\u0438\u0438 \u043a\u0438\u0441\u043b\u043e\u0442, \u043f\u0440\u043e\u0446\u0435\u0441\u0441\u043e\u0432 \u043e\u0440\u0433\u0430\u043d\u0438\u0447\u0435\u0441\u043a\u043e\u0433\u043e \u0441\u0438\u043d\u0442\u0435\u0437\u0430 \u0438\u00a0 \u0442\u0434. \u0412 \u0442\u0435\u043a\u0441\u0442\u0438\u043b\u044c\u043d\u043e\u0439 \u043f\u0440\u043e\u043c\u044b\u0448\u043b\u0435\u043d\u043d\u043e\u0441\u0442\u0438 NaOH \u0438\u0441\u043f\u043e\u043b\u044c\u0437\u0443\u044e\u0442 \u00a0\u0434\u043b\u044f \u043e\u0442\u0431\u0435\u043b\u0438\u0432\u0430\u043d\u0438\u044f \u043d\u0430\u0442\u0443\u0440\u0430\u043b\u044c\u043d\u044b\u0445 \u0442\u043a\u0430\u043d\u0435\u0439 \u0438 [&hellip;]","og_url":"https:\/\/aktivators-sals.lv\/shop\/skidrais-natrija-hidroksids-46-47\/","og_site_name":"aktivators-sals.lv","article_modified_time":"2023-07-28T10:50:45+00:00","og_image":[{"width":225,"height":225,"url":"https:\/\/aktivators-sals.lv\/wp-content\/uploads\/2023\/07\/images.jpg","type":"image\/jpeg"}],"twitter_card":"summary_large_image","twitter_misc":{"\u041f\u0440\u0438\u043c\u0435\u0440\u043d\u043e\u0435 \u0432\u0440\u0435\u043c\u044f \u0434\u043b\u044f \u0447\u0442\u0435\u043d\u0438\u044f":"1 \u043c\u0438\u043d\u0443\u0442\u0430"},"schema":{"@context":"https:\/\/schema.org","@graph":[{"@type":"WebPage","@id":"https:\/\/aktivators-sals.lv\/shop\/skidrais-natrija-hidroksids-46-47\/","url":"https:\/\/aktivators-sals.lv\/shop\/skidrais-natrija-hidroksids-46-47\/","name":"[:lv]Kaustisk\u0101 soda \u0161\u0137idra (\u0160\u0137idrais n\u0101trija hidroks\u012bds 46-47%)[:ru]\u041d\u0430\u0442\u0440 \u0435\u0434\u043a\u0438\u0439 \u0436\u0438\u0434\u043a\u0438\u0439[:en]Sodium hydroxide solution[:] - aktivators-sals.lv","isPartOf":{"@id":"https:\/\/aktivators-sals.lv\/#website"},"datePublished":"2023-07-17T02:31:35+00:00","dateModified":"2023-07-28T10:50:45+00:00","breadcrumb":{"@id":"https:\/\/aktivators-sals.lv\/shop\/skidrais-natrija-hidroksids-46-47\/#breadcrumb"},"inLanguage":"ru-RU","potentialAction":[{"@type":"ReadAction","target":["https:\/\/aktivators-sals.lv\/shop\/skidrais-natrija-hidroksids-46-47\/"]}]},{"@type":"BreadcrumbList","@id":"https:\/\/aktivators-sals.lv\/shop\/skidrais-natrija-hidroksids-46-47\/#breadcrumb","itemListElement":[{"@type":"ListItem","position":1,"name":"Home","item":"https:\/\/aktivators-sals.lv\/"},{"@type":"ListItem","position":2,"name":"Katalogs","item":"https:\/\/aktivators-sals.lv\/katalogs\/"},{"@type":"ListItem","position":3,"name":"Kaustisk\u0101 soda \u0161\u0137idra (\u0160\u0137idrais n\u0101trija hidroks\u012bds 46-47%)"}]},{"@type":"WebSite","@id":"https:\/\/aktivators-sals.lv\/#website","url":"https:\/\/aktivators-sals.lv\/","name":"aktivators-sals.lv","description":"Tehniskais s\u0101ls","publisher":{"@id":"https:\/\/aktivators-sals.lv\/#organization"},"potentialAction":[{"@type":"SearchAction","target":{"@type":"EntryPoint","urlTemplate":"https:\/\/aktivators-sals.lv\/?s={search_term_string}"},"query-input":"required name=search_term_string"}],"inLanguage":"ru-RU"},{"@type":"Organization","@id":"https:\/\/aktivators-sals.lv\/#organization","name":"aktivators-sals.lv","url":"https:\/\/aktivators-sals.lv\/","logo":{"@type":"ImageObject","inLanguage":"ru-RU","@id":"https:\/\/aktivators-sals.lv\/#\/schema\/logo\/image\/","url":"https:\/\/aktivators-sals.lv\/wp-content\/uploads\/2022\/04\/logo.png","contentUrl":"https:\/\/aktivators-sals.lv\/wp-content\/uploads\/2022\/04\/logo.png","width":193,"height":57,"caption":"aktivators-sals.lv"},"image":{"@id":"https:\/\/aktivators-sals.lv\/#\/schema\/logo\/image\/"}}]}},"acf":[],"_links":{"self":[{"href":"https:\/\/aktivators-sals.lv\/ru\/wp-json\/wp\/v2\/product\/8839"}],"collection":[{"href":"https:\/\/aktivators-sals.lv\/ru\/wp-json\/wp\/v2\/product"}],"about":[{"href":"https:\/\/aktivators-sals.lv\/ru\/wp-json\/wp\/v2\/types\/product"}],"wp:featuredmedia":[{"embeddable":true,"href":"https:\/\/aktivators-sals.lv\/ru\/wp-json\/wp\/v2\/media\/8881"}],"wp:attachment":[{"href":"https:\/\/aktivators-sals.lv\/ru\/wp-json\/wp\/v2\/media?parent=8839"}],"wp:term":[{"taxonomy":"product_cat","embeddable":true,"href":"https:\/\/aktivators-sals.lv\/ru\/wp-json\/wp\/v2\/product_cat?post=8839"},{"taxonomy":"product_tag","embeddable":true,"href":"https:\/\/aktivators-sals.lv\/ru\/wp-json\/wp\/v2\/product_tag?post=8839"}],"curies":[{"name":"wp","href":"https:\/\/api.w.org\/{rel}","templated":true}]}}