{"id":8848,"date":"2023-07-14T11:28:20","date_gmt":"2023-07-14T11:28:20","guid":{"rendered":"https:\/\/aktivators-sals.lv\/lv\/?post_type=product&#038;p=8848"},"modified":"2023-08-03T07:14:06","modified_gmt":"2023-08-03T07:14:06","slug":"samota-plaksnes","status":"publish","type":"product","link":"https:\/\/aktivators-sals.lv\/ru\/shop\/svecha-iz-soevogo-voska-s-hlopkovym-fitilem-200-ml-7oz-s-aromatom-limona-i-ilang-ilinga-2-2-2-2-4\/","title":{"rendered":"\u0428\u0430\u043c\u043e\u0442\u043d\u044b\u0435  \u043f\u043b\u0438\u0442\u044b"},"content":{"rendered":"<p><strong>\u0428\u0430\u043c\u043e\u0442\u043d\u044b\u0435 \u043f\u043b\u0438\u0442\u044b <\/strong>&#8212; \u043e\u0433\u043d\u0435\u0443\u043f\u043e\u0440\u043d\u044b\u0439 \u043a\u0438\u0440\u043f\u0438\u0447 \u0431\u043e\u043b\u044c\u0448\u043e\u0433\u043e \u0440\u0430\u0437\u043c\u0435\u0440\u0430, \u0438\u0437\u0433\u043e\u0442\u0430\u0432\u043b\u0438\u0432\u0430\u0435\u043c\u044b\u0439 \u043f\u0443\u0442\u0435\u043c \u043e\u0431\u0436\u0438\u0433\u0430 \u043f\u043e\u0440\u043e\u0448\u043a\u0430-\u0448\u0430\u043c\u043e\u0442\u0430 \u0438 \u0441\u043f\u0435\u0446\u0438\u0430\u043b\u044c\u043d\u043e\u0439 \u0440\u0430\u0437\u043c\u043e\u043b\u043e\u0442\u043e\u0439 \u043e\u0433\u043d\u0435\u0443\u043f\u043e\u0440\u043d\u043e\u0439 \u0433\u043b\u0438\u043d\u044b \u043f\u0440\u0438 \u0432\u044b\u0441\u043e\u043a\u0438\u0445 \u0442\u0435\u043c\u043f\u0435\u0440\u0430\u0442\u0443\u0440\u0430\u0445.<br \/>\n\u0418\u0441\u043f\u043e\u043b\u044c\u0437\u0443\u0435\u0442\u0441\u044f \u043f\u0440\u0438 \u043a\u043b\u0430\u0434\u043a\u0435 \u0440\u0430\u0437\u043b\u0438\u0447\u043d\u044b\u0445 \u0442\u0435\u043f\u043b\u043e\u0432\u044b\u0445 \u0430\u0433\u0440\u0435\u0433\u0430\u0442\u043e\u0432 :\u043e\u0447\u0430\u0433\u043e\u0432, \u043a\u0430\u043c\u0438\u043d\u043e\u0432, \u043f\u043b\u0430\u0432\u0438\u043b\u044c\u043d\u044b\u0445 \u043f\u0435\u0447\u0435\u0439<\/p>\n<ul>\n<li>\u0432\u044b\u0434\u0435\u0440\u0436\u0438\u0432\u0430\u0435\u0442 \u0442\u0435\u043c\u043f\u0435\u0440\u0430\u0442\u0443\u0440\u0443 \u0434\u043e 1690 \u00b0\u0421;<\/li>\n<li>\u0432\u044b\u0441\u043e\u043a\u0430\u044f \u0442\u0435\u043f\u043b\u043e\u0432\u0430\u044f \u0438\u043d\u0435\u0440\u0446\u0438\u044f (\u043c\u0435\u0434\u043b\u0435\u043d\u043d\u043e \u043d\u0430\u0433\u0440\u0435\u0432\u0430\u0435\u0442\u0441\u044f \u0438 \u0434\u043e\u043b\u0433\u043e \u043e\u0441\u0442\u044b\u0432\u0430\u0435\u0442);<\/li>\n<li>\u0432\u044b\u0441\u043e\u043a\u0430\u044f \u0442\u0435\u043f\u043b\u043e\u0435\u043c\u043a\u043e\u0441\u0442\u044c (\u043d\u0430\u043a\u0430\u043f\u043b\u0438\u0432\u0430\u0435\u0442 \u0432 \u0441\u0435\u0431\u0435 \u0442\u0435\u043f\u043b\u043e);<\/li>\n<li>\u0441\u0442\u043e\u0439\u043a\u0438\u0439 \u043a \u043f\u0435\u0440\u0435\u043f\u0430\u0434\u0443 \u0442\u0435\u043c\u043f\u0435\u0440\u0430\u0442\u0443\u0440;<\/li>\n<\/ul>\n<p><\/p>","protected":false},"excerpt":{"rendered":"<p><strong>\u0428\u0430\u043c\u043e\u0442\u043d\u044b\u0439 \u043a\u0438\u0440\u043f\u0438\u0447<\/strong> &#8212; \u043e\u0433\u043d\u0435\u0443\u043f\u043e\u0440\u043d\u044b\u0439 \u043a\u0438\u0440\u043f\u0438\u0447, \u0438\u0437\u0433\u043e\u0442\u0430\u0432\u043b\u0438\u0432\u0430\u0435\u043c\u044b\u0439 \u043f\u0443\u0442\u0435\u043c \u043e\u0431\u0436\u0438\u0433\u0430 \u043f\u043e\u0440\u043e\u0448\u043a\u0430-\u0448\u0430\u043c\u043e\u0442\u0430 \u0438 \u0441\u043f\u0435\u0446\u0438\u0430\u043b\u044c\u043d\u043e\u0439 \u0440\u0430\u0437\u043c\u043e\u043b\u043e\u0442\u043e\u0439 \u043e\u0433\u043d\u0435\u0443\u043f\u043e\u0440\u043d\u043e\u0439 \u0433\u043b\u0438\u043d\u044b \u043f\u0440\u0438 \u0432\u044b\u0441\u043e\u043a\u0438\u0445 \u0442\u0435\u043c\u043f\u0435\u0440\u0430\u0442\u0443\u0440\u0430\u0445.<br \/>\n\u0418\u0441\u043f\u043e\u043b\u044c\u0437\u0443\u0435\u0442\u0441\u044f \u043f\u0440\u0438 \u043a\u043b\u0430\u0434\u043a\u0435 \u0440\u0430\u0437\u043b\u0438\u0447\u043d\u044b\u0445 \u0442\u0435\u043f\u043b\u043e\u0432\u044b\u0445 \u0430\u0433\u0440\u0435\u0433\u0430\u0442\u043e\u0432 :\u043e\u0447\u0430\u0433\u043e\u0432, \u043a\u0430\u043c\u0438\u043d\u043e\u0432, \u043f\u043b\u0430\u0432\u0438\u043b\u044c\u043d\u044b\u0445 \u043f\u0435\u0447\u0435\u0439<\/p>\n<ul>\n<li>\u0432\u044b\u0434\u0435\u0440\u0436\u0438\u0432\u0430\u0435\u0442 \u0442\u0435\u043c\u043f\u0435\u0440\u0430\u0442\u0443\u0440\u0443 \u0434\u043e 1690 \u00b0\u0421;<\/li>\n<li>\u0432\u044b\u0441\u043e\u043a\u0430\u044f \u0442\u0435\u043f\u043b\u043e\u0432\u0430\u044f \u0438\u043d\u0435\u0440\u0446\u0438\u044f (\u043c\u0435\u0434\u043b\u0435\u043d\u043d\u043e \u043d\u0430\u0433\u0440\u0435\u0432\u0430\u0435\u0442\u0441\u044f \u0438 \u0434\u043e\u043b\u0433\u043e \u043e\u0441\u0442\u044b\u0432\u0430\u0435\u0442);<\/li>\n<li>\u0432\u044b\u0441\u043e\u043a\u0430\u044f \u0442\u0435\u043f\u043b\u043e\u0435\u043c\u043a\u043e\u0441\u0442\u044c (\u043d\u0430\u043a\u0430\u043f\u043b\u0438\u0432\u0430\u0435\u0442 \u0432 \u0441\u0435\u0431\u0435 \u0442\u0435\u043f\u043b\u043e);<\/li>\n<li>\u0441\u0442\u043e\u0439\u043a\u0438\u0439 \u043a \u043f\u0435\u0440\u0435\u043f\u0430\u0434\u0443 \u0442\u0435\u043c\u043f\u0435\u0440\u0430\u0442\u0443\u0440;<\/li>\n<\/ul>\n","protected":false},"featured_media":8913,"template":"","meta":[],"product_cat":[125,126],"product_tag":[],"yoast_head":"<!-- This site is optimized with the Yoast SEO plugin v20.8 - https:\/\/yoast.com\/wordpress\/plugins\/seo\/ -->\n<title>\u0428\u0430\u043c\u043e\u0442\u043d\u044b\u0435 \u043f\u043b\u0438\u0442\u044b - aktivators-sals.lv<\/title>\n<meta name=\"robots\" content=\"index, follow, max-snippet:-1, max-image-preview:large, max-video-preview:-1\" \/>\n<link rel=\"canonical\" href=\"https:\/\/aktivators-sals.lv\/shop\/sojas-vaska-svece-ar-kokvilnas-daktim-200-ml-7oz-ar-citrona-un-ilang-iiang-aromatu-2-2-2-2-4\/\" \/>\n<meta property=\"og:locale\" content=\"ru_RU\" \/>\n<meta property=\"og:type\" content=\"article\" \/>\n<meta property=\"og:title\" content=\"[:lv]\u0160amota pl\u0101ksnes[:ru]\u0428\u0430\u043c\u043e\u0442\u043d\u044b\u0435 \u043f\u043b\u0438\u0442\u044b[:en]Fireclay brick[:] - aktivators-sals.lv\" \/>\n<meta property=\"og:description\" content=\"[:lv]\u0160amota \u0137ie\u0123elis - ugunsiztur\u012bgais \u0137ie\u0123elis, ar specifisk\u0101m \u012bpa\u0161\u012bb\u0101m, kas tiek ra\u017eots no sasmalcin\u0101ta ugunsiztur\u012bga m\u0101la un \u0161amota pulvera. Pielieto Kr\u0101sns un kam\u012bnu m\u016br\u0113\u0161an\u0101.   temperat\u016bras iztur\u012bba l\u012bdz 1690 \u00b0 C;  augsta siltuma inerce (l\u0113ni uzkarst un atdziest ilg\u0101ku laiku);  augsta siltumietilp\u012bba (uzkr\u0101j siltumu sev\u012b);  iztur\u012bgs pret temperat\u016bras izmai\u0146\u0101m; [:ru]\u0428\u0430\u043c\u043e\u0442\u043d\u044b\u0439 \u043a\u0438\u0440\u043f\u0438\u0447 - \u043e\u0433\u043d\u0435\u0443\u043f\u043e\u0440\u043d\u044b\u0439 \u043a\u0438\u0440\u043f\u0438\u0447, \u0438\u0437\u0433\u043e\u0442\u0430\u0432\u043b\u0438\u0432\u0430\u0435\u043c\u044b\u0439 \u043f\u0443\u0442\u0435\u043c \u043e\u0431\u0436\u0438\u0433\u0430 \u043f\u043e\u0440\u043e\u0448\u043a\u0430-\u0448\u0430\u043c\u043e\u0442\u0430 \u0438 \u0441\u043f\u0435\u0446\u0438\u0430\u043b\u044c\u043d\u043e\u0439 \u0440\u0430\u0437\u043c\u043e\u043b\u043e\u0442\u043e\u0439 \u043e\u0433\u043d\u0435\u0443\u043f\u043e\u0440\u043d\u043e\u0439 \u0433\u043b\u0438\u043d\u044b \u043f\u0440\u0438 \u0432\u044b\u0441\u043e\u043a\u0438\u0445 \u0442\u0435\u043c\u043f\u0435\u0440\u0430\u0442\u0443\u0440\u0430\u0445. \u0418\u0441\u043f\u043e\u043b\u044c\u0437\u0443\u0435\u0442\u0441\u044f \u043f\u0440\u0438 \u043a\u043b\u0430\u0434\u043a\u0435 \u0440\u0430\u0437\u043b\u0438\u0447\u043d\u044b\u0445 \u0442\u0435\u043f\u043b\u043e\u0432\u044b\u0445 \u0430\u0433\u0440\u0435\u0433\u0430\u0442\u043e\u0432 :\u043e\u0447\u0430\u0433\u043e\u0432, \u043a\u0430\u043c\u0438\u043d\u043e\u0432, \u043f\u043b\u0430\u0432\u0438\u043b\u044c\u043d\u044b\u0445 \u043f\u0435\u0447\u0435\u0439   \u0432\u044b\u0434\u0435\u0440\u0436\u0438\u0432\u0430\u0435\u0442 \u0442\u0435\u043c\u043f\u0435\u0440\u0430\u0442\u0443\u0440\u0443 \u0434\u043e 1690 \u00b0\u0421;  \u0432\u044b\u0441\u043e\u043a\u0430\u044f \u0442\u0435\u043f\u043b\u043e\u0432\u0430\u044f \u0438\u043d\u0435\u0440\u0446\u0438\u044f (\u043c\u0435\u0434\u043b\u0435\u043d\u043d\u043e \u043d\u0430\u0433\u0440\u0435\u0432\u0430\u0435\u0442\u0441\u044f \u0438 \u0434\u043e\u043b\u0433\u043e \u043e\u0441\u0442\u044b\u0432\u0430\u0435\u0442);  \u0432\u044b\u0441\u043e\u043a\u0430\u044f \u0442\u0435\u043f\u043b\u043e\u0435\u043c\u043a\u043e\u0441\u0442\u044c (\u043d\u0430\u043a\u0430\u043f\u043b\u0438\u0432\u0430\u0435\u0442 \u0432 \u0441\u0435\u0431\u0435 \u0442\u0435\u043f\u043b\u043e);  \u0441\u0442\u043e\u0439\u043a\u0438\u0439 \u043a \u043f\u0435\u0440\u0435\u043f\u0430\u0434\u0443 \u0442\u0435\u043c\u043f\u0435\u0440\u0430\u0442\u0443\u0440; [:en]Fireclay brick is a refractory brick made by firing chamotte powder and special ground refractory clay at high temperatures. Used for laying hearths, fireplaces, smelting furnaces.   withstands temperatures up to 1690 \u00b0 \u0421;  high thermal inertia (heats up slowly and cools down for a long time);  high heat capacity (accumulates heat in itself);  resistant to temperature extremes; [:de]100 % eco soy wax, cotton wick, wild flowers, essential oils, parfum. Handmade.[:]\" \/>\n<meta property=\"og:url\" content=\"https:\/\/aktivators-sals.lv\/shop\/sojas-vaska-svece-ar-kokvilnas-daktim-200-ml-7oz-ar-citrona-un-ilang-iiang-aromatu-2-2-2-2-4\/\" \/>\n<meta property=\"og:site_name\" content=\"aktivators-sals.lv\" \/>\n<meta property=\"article:modified_time\" content=\"2023-08-03T07:14:06+00:00\" \/>\n<meta property=\"og:image\" content=\"https:\/\/aktivators-sals.lv\/wp-content\/uploads\/2023\/07\/prev_Backofenplatte_glatt.jpg\" \/>\n\t<meta property=\"og:image:width\" content=\"300\" \/>\n\t<meta property=\"og:image:height\" content=\"300\" \/>\n\t<meta property=\"og:image:type\" content=\"image\/jpeg\" \/>\n<meta name=\"twitter:card\" content=\"summary_large_image\" \/>\n<meta name=\"twitter:label1\" content=\"\u041f\u0440\u0438\u043c\u0435\u0440\u043d\u043e\u0435 \u0432\u0440\u0435\u043c\u044f \u0434\u043b\u044f \u0447\u0442\u0435\u043d\u0438\u044f\" \/>\n\t<meta name=\"twitter:data1\" content=\"1 \u043c\u0438\u043d\u0443\u0442\u0430\" \/>\n<script type=\"application\/ld+json\" class=\"yoast-schema-graph\">{\"@context\":\"https:\/\/schema.org\",\"@graph\":[{\"@type\":\"WebPage\",\"@id\":\"https:\/\/aktivators-sals.lv\/shop\/sojas-vaska-svece-ar-kokvilnas-daktim-200-ml-7oz-ar-citrona-un-ilang-iiang-aromatu-2-2-2-2-4\/\",\"url\":\"https:\/\/aktivators-sals.lv\/shop\/sojas-vaska-svece-ar-kokvilnas-daktim-200-ml-7oz-ar-citrona-un-ilang-iiang-aromatu-2-2-2-2-4\/\",\"name\":\"[:lv]\u0160amota pl\u0101ksnes[:ru]\u0428\u0430\u043c\u043e\u0442\u043d\u044b\u0435 \u043f\u043b\u0438\u0442\u044b[:en]Fireclay brick[:] - aktivators-sals.lv\",\"isPartOf\":{\"@id\":\"https:\/\/aktivators-sals.lv\/#website\"},\"datePublished\":\"2023-07-14T11:28:20+00:00\",\"dateModified\":\"2023-08-03T07:14:06+00:00\",\"breadcrumb\":{\"@id\":\"https:\/\/aktivators-sals.lv\/shop\/sojas-vaska-svece-ar-kokvilnas-daktim-200-ml-7oz-ar-citrona-un-ilang-iiang-aromatu-2-2-2-2-4\/#breadcrumb\"},\"inLanguage\":\"ru-RU\",\"potentialAction\":[{\"@type\":\"ReadAction\",\"target\":[\"https:\/\/aktivators-sals.lv\/shop\/sojas-vaska-svece-ar-kokvilnas-daktim-200-ml-7oz-ar-citrona-un-ilang-iiang-aromatu-2-2-2-2-4\/\"]}]},{\"@type\":\"BreadcrumbList\",\"@id\":\"https:\/\/aktivators-sals.lv\/shop\/sojas-vaska-svece-ar-kokvilnas-daktim-200-ml-7oz-ar-citrona-un-ilang-iiang-aromatu-2-2-2-2-4\/#breadcrumb\",\"itemListElement\":[{\"@type\":\"ListItem\",\"position\":1,\"name\":\"Home\",\"item\":\"https:\/\/aktivators-sals.lv\/\"},{\"@type\":\"ListItem\",\"position\":2,\"name\":\"Katalogs\",\"item\":\"https:\/\/aktivators-sals.lv\/katalogs\/\"},{\"@type\":\"ListItem\",\"position\":3,\"name\":\"\u0160amota pl\u0101ksnes\"}]},{\"@type\":\"WebSite\",\"@id\":\"https:\/\/aktivators-sals.lv\/#website\",\"url\":\"https:\/\/aktivators-sals.lv\/\",\"name\":\"aktivators-sals.lv\",\"description\":\"Tehniskais s\u0101ls\",\"publisher\":{\"@id\":\"https:\/\/aktivators-sals.lv\/#organization\"},\"potentialAction\":[{\"@type\":\"SearchAction\",\"target\":{\"@type\":\"EntryPoint\",\"urlTemplate\":\"https:\/\/aktivators-sals.lv\/?s={search_term_string}\"},\"query-input\":\"required name=search_term_string\"}],\"inLanguage\":\"ru-RU\"},{\"@type\":\"Organization\",\"@id\":\"https:\/\/aktivators-sals.lv\/#organization\",\"name\":\"aktivators-sals.lv\",\"url\":\"https:\/\/aktivators-sals.lv\/\",\"logo\":{\"@type\":\"ImageObject\",\"inLanguage\":\"ru-RU\",\"@id\":\"https:\/\/aktivators-sals.lv\/#\/schema\/logo\/image\/\",\"url\":\"https:\/\/aktivators-sals.lv\/wp-content\/uploads\/2022\/04\/logo.png\",\"contentUrl\":\"https:\/\/aktivators-sals.lv\/wp-content\/uploads\/2022\/04\/logo.png\",\"width\":193,\"height\":57,\"caption\":\"aktivators-sals.lv\"},\"image\":{\"@id\":\"https:\/\/aktivators-sals.lv\/#\/schema\/logo\/image\/\"}}]}<\/script>\n<!-- \/ Yoast SEO plugin. -->","yoast_head_json":{"title":"[:lv]\u0160amota pl\u0101ksnes[:ru]\u0428\u0430\u043c\u043e\u0442\u043d\u044b\u0435 \u043f\u043b\u0438\u0442\u044b[:en]Fireclay brick[:] - aktivators-sals.lv","robots":{"index":"index","follow":"follow","max-snippet":"max-snippet:-1","max-image-preview":"max-image-preview:large","max-video-preview":"max-video-preview:-1"},"canonical":"https:\/\/aktivators-sals.lv\/shop\/sojas-vaska-svece-ar-kokvilnas-daktim-200-ml-7oz-ar-citrona-un-ilang-iiang-aromatu-2-2-2-2-4\/","og_locale":"ru_RU","og_type":"article","og_title":"[:lv]\u0160amota pl\u0101ksnes[:ru]\u0428\u0430\u043c\u043e\u0442\u043d\u044b\u0435 \u043f\u043b\u0438\u0442\u044b[:en]Fireclay brick[:] - aktivators-sals.lv","og_description":"[:lv]\u0160amota \u0137ie\u0123elis - ugunsiztur\u012bgais \u0137ie\u0123elis, ar specifisk\u0101m \u012bpa\u0161\u012bb\u0101m, kas tiek ra\u017eots no sasmalcin\u0101ta ugunsiztur\u012bga m\u0101la un \u0161amota pulvera. Pielieto Kr\u0101sns un kam\u012bnu m\u016br\u0113\u0161an\u0101.   temperat\u016bras iztur\u012bba l\u012bdz 1690 \u00b0 C;  augsta siltuma inerce (l\u0113ni uzkarst un atdziest ilg\u0101ku laiku);  augsta siltumietilp\u012bba (uzkr\u0101j siltumu sev\u012b);  iztur\u012bgs pret temperat\u016bras izmai\u0146\u0101m; [:ru]\u0428\u0430\u043c\u043e\u0442\u043d\u044b\u0439 \u043a\u0438\u0440\u043f\u0438\u0447 - \u043e\u0433\u043d\u0435\u0443\u043f\u043e\u0440\u043d\u044b\u0439 \u043a\u0438\u0440\u043f\u0438\u0447, \u0438\u0437\u0433\u043e\u0442\u0430\u0432\u043b\u0438\u0432\u0430\u0435\u043c\u044b\u0439 \u043f\u0443\u0442\u0435\u043c \u043e\u0431\u0436\u0438\u0433\u0430 \u043f\u043e\u0440\u043e\u0448\u043a\u0430-\u0448\u0430\u043c\u043e\u0442\u0430 \u0438 \u0441\u043f\u0435\u0446\u0438\u0430\u043b\u044c\u043d\u043e\u0439 \u0440\u0430\u0437\u043c\u043e\u043b\u043e\u0442\u043e\u0439 \u043e\u0433\u043d\u0435\u0443\u043f\u043e\u0440\u043d\u043e\u0439 \u0433\u043b\u0438\u043d\u044b \u043f\u0440\u0438 \u0432\u044b\u0441\u043e\u043a\u0438\u0445 \u0442\u0435\u043c\u043f\u0435\u0440\u0430\u0442\u0443\u0440\u0430\u0445. \u0418\u0441\u043f\u043e\u043b\u044c\u0437\u0443\u0435\u0442\u0441\u044f \u043f\u0440\u0438 \u043a\u043b\u0430\u0434\u043a\u0435 \u0440\u0430\u0437\u043b\u0438\u0447\u043d\u044b\u0445 \u0442\u0435\u043f\u043b\u043e\u0432\u044b\u0445 \u0430\u0433\u0440\u0435\u0433\u0430\u0442\u043e\u0432 :\u043e\u0447\u0430\u0433\u043e\u0432, \u043a\u0430\u043c\u0438\u043d\u043e\u0432, \u043f\u043b\u0430\u0432\u0438\u043b\u044c\u043d\u044b\u0445 \u043f\u0435\u0447\u0435\u0439   \u0432\u044b\u0434\u0435\u0440\u0436\u0438\u0432\u0430\u0435\u0442 \u0442\u0435\u043c\u043f\u0435\u0440\u0430\u0442\u0443\u0440\u0443 \u0434\u043e 1690 \u00b0\u0421;  \u0432\u044b\u0441\u043e\u043a\u0430\u044f \u0442\u0435\u043f\u043b\u043e\u0432\u0430\u044f \u0438\u043d\u0435\u0440\u0446\u0438\u044f (\u043c\u0435\u0434\u043b\u0435\u043d\u043d\u043e \u043d\u0430\u0433\u0440\u0435\u0432\u0430\u0435\u0442\u0441\u044f \u0438 \u0434\u043e\u043b\u0433\u043e \u043e\u0441\u0442\u044b\u0432\u0430\u0435\u0442);  \u0432\u044b\u0441\u043e\u043a\u0430\u044f \u0442\u0435\u043f\u043b\u043e\u0435\u043c\u043a\u043e\u0441\u0442\u044c (\u043d\u0430\u043a\u0430\u043f\u043b\u0438\u0432\u0430\u0435\u0442 \u0432 \u0441\u0435\u0431\u0435 \u0442\u0435\u043f\u043b\u043e);  \u0441\u0442\u043e\u0439\u043a\u0438\u0439 \u043a \u043f\u0435\u0440\u0435\u043f\u0430\u0434\u0443 \u0442\u0435\u043c\u043f\u0435\u0440\u0430\u0442\u0443\u0440; [:en]Fireclay brick is a refractory brick made by firing chamotte powder and special ground refractory clay at high temperatures. Used for laying hearths, fireplaces, smelting furnaces.   withstands temperatures up to 1690 \u00b0 \u0421;  high thermal inertia (heats up slowly and cools down for a long time);  high heat capacity (accumulates heat in itself);  resistant to temperature extremes; [:de]100 % eco soy wax, cotton wick, wild flowers, essential oils, parfum. Handmade.[:]","og_url":"https:\/\/aktivators-sals.lv\/shop\/sojas-vaska-svece-ar-kokvilnas-daktim-200-ml-7oz-ar-citrona-un-ilang-iiang-aromatu-2-2-2-2-4\/","og_site_name":"aktivators-sals.lv","article_modified_time":"2023-08-03T07:14:06+00:00","og_image":[{"width":300,"height":300,"url":"https:\/\/aktivators-sals.lv\/wp-content\/uploads\/2023\/07\/prev_Backofenplatte_glatt.jpg","type":"image\/jpeg"}],"twitter_card":"summary_large_image","twitter_misc":{"\u041f\u0440\u0438\u043c\u0435\u0440\u043d\u043e\u0435 \u0432\u0440\u0435\u043c\u044f \u0434\u043b\u044f \u0447\u0442\u0435\u043d\u0438\u044f":"1 \u043c\u0438\u043d\u0443\u0442\u0430"},"schema":{"@context":"https:\/\/schema.org","@graph":[{"@type":"WebPage","@id":"https:\/\/aktivators-sals.lv\/shop\/sojas-vaska-svece-ar-kokvilnas-daktim-200-ml-7oz-ar-citrona-un-ilang-iiang-aromatu-2-2-2-2-4\/","url":"https:\/\/aktivators-sals.lv\/shop\/sojas-vaska-svece-ar-kokvilnas-daktim-200-ml-7oz-ar-citrona-un-ilang-iiang-aromatu-2-2-2-2-4\/","name":"[:lv]\u0160amota pl\u0101ksnes[:ru]\u0428\u0430\u043c\u043e\u0442\u043d\u044b\u0435 \u043f\u043b\u0438\u0442\u044b[:en]Fireclay brick[:] - aktivators-sals.lv","isPartOf":{"@id":"https:\/\/aktivators-sals.lv\/#website"},"datePublished":"2023-07-14T11:28:20+00:00","dateModified":"2023-08-03T07:14:06+00:00","breadcrumb":{"@id":"https:\/\/aktivators-sals.lv\/shop\/sojas-vaska-svece-ar-kokvilnas-daktim-200-ml-7oz-ar-citrona-un-ilang-iiang-aromatu-2-2-2-2-4\/#breadcrumb"},"inLanguage":"ru-RU","potentialAction":[{"@type":"ReadAction","target":["https:\/\/aktivators-sals.lv\/shop\/sojas-vaska-svece-ar-kokvilnas-daktim-200-ml-7oz-ar-citrona-un-ilang-iiang-aromatu-2-2-2-2-4\/"]}]},{"@type":"BreadcrumbList","@id":"https:\/\/aktivators-sals.lv\/shop\/sojas-vaska-svece-ar-kokvilnas-daktim-200-ml-7oz-ar-citrona-un-ilang-iiang-aromatu-2-2-2-2-4\/#breadcrumb","itemListElement":[{"@type":"ListItem","position":1,"name":"Home","item":"https:\/\/aktivators-sals.lv\/"},{"@type":"ListItem","position":2,"name":"Katalogs","item":"https:\/\/aktivators-sals.lv\/katalogs\/"},{"@type":"ListItem","position":3,"name":"\u0160amota pl\u0101ksnes"}]},{"@type":"WebSite","@id":"https:\/\/aktivators-sals.lv\/#website","url":"https:\/\/aktivators-sals.lv\/","name":"aktivators-sals.lv","description":"Tehniskais s\u0101ls","publisher":{"@id":"https:\/\/aktivators-sals.lv\/#organization"},"potentialAction":[{"@type":"SearchAction","target":{"@type":"EntryPoint","urlTemplate":"https:\/\/aktivators-sals.lv\/?s={search_term_string}"},"query-input":"required name=search_term_string"}],"inLanguage":"ru-RU"},{"@type":"Organization","@id":"https:\/\/aktivators-sals.lv\/#organization","name":"aktivators-sals.lv","url":"https:\/\/aktivators-sals.lv\/","logo":{"@type":"ImageObject","inLanguage":"ru-RU","@id":"https:\/\/aktivators-sals.lv\/#\/schema\/logo\/image\/","url":"https:\/\/aktivators-sals.lv\/wp-content\/uploads\/2022\/04\/logo.png","contentUrl":"https:\/\/aktivators-sals.lv\/wp-content\/uploads\/2022\/04\/logo.png","width":193,"height":57,"caption":"aktivators-sals.lv"},"image":{"@id":"https:\/\/aktivators-sals.lv\/#\/schema\/logo\/image\/"}}]}},"acf":[],"_links":{"self":[{"href":"https:\/\/aktivators-sals.lv\/ru\/wp-json\/wp\/v2\/product\/8848"}],"collection":[{"href":"https:\/\/aktivators-sals.lv\/ru\/wp-json\/wp\/v2\/product"}],"about":[{"href":"https:\/\/aktivators-sals.lv\/ru\/wp-json\/wp\/v2\/types\/product"}],"wp:featuredmedia":[{"embeddable":true,"href":"https:\/\/aktivators-sals.lv\/ru\/wp-json\/wp\/v2\/media\/8913"}],"wp:attachment":[{"href":"https:\/\/aktivators-sals.lv\/ru\/wp-json\/wp\/v2\/media?parent=8848"}],"wp:term":[{"taxonomy":"product_cat","embeddable":true,"href":"https:\/\/aktivators-sals.lv\/ru\/wp-json\/wp\/v2\/product_cat?post=8848"},{"taxonomy":"product_tag","embeddable":true,"href":"https:\/\/aktivators-sals.lv\/ru\/wp-json\/wp\/v2\/product_tag?post=8848"}],"curies":[{"name":"wp","href":"https:\/\/api.w.org\/{rel}","templated":true}]}}